{"id":295,"date":"2022-03-13T11:22:41","date_gmt":"2022-03-13T10:22:41","guid":{"rendered":"http:\/\/leschatougoulis.com\/?page_id=295"},"modified":"2025-11-18T21:41:28","modified_gmt":"2025-11-18T20:41:28","slug":"table-dhote","status":"publish","type":"page","link":"https:\/\/www.leschatougoulis.com\/index.php\/table-dhote\/","title":{"rendered":""},"content":{"rendered":"\n<div class=\"wp-block-group alignfull has-background\" style=\"background-color:#f8f4e4\"><div class=\"wp-block-group__inner-container is-layout-flow wp-block-group-is-layout-flow\">\n<div style=\"height:100px\" aria-hidden=\"true\" class=\"wp-block-spacer\"><\/div>\n\n\n\n<div class=\"wp-block-columns is-layout-flex wp-container-core-columns-is-layout-9d6595d7 wp-block-columns-is-layout-flex\">\n<div class=\"wp-block-column is-layout-flow wp-block-column-is-layout-flow\" style=\"flex-basis:66.66%\">\n<p class=\"has-text-align-center has-text-color\" style=\"color:#000000;font-size:5vw;line-height:1.1\"><strong>T<\/strong>able d&rsquo;h\u00f4te<\/p>\n\n\n\n<div style=\"height:61px\" aria-hidden=\"true\" class=\"wp-block-spacer\"><\/div>\n\n\n<div class=\"wp-block-image\">\n<figure class=\"aligncenter size-large is-resized\"><img fetchpriority=\"high\" decoding=\"async\" width=\"1024\" height=\"768\" src=\"https:\/\/www.leschatougoulis.com\/wp-content\/uploads\/2022\/11\/IMG20221022091217-1024x768.jpg\" alt=\"\" class=\"wp-image-631\" style=\"width:422px;height:316px\" srcset=\"https:\/\/www.leschatougoulis.com\/wp-content\/uploads\/2022\/11\/IMG20221022091217-1024x768.jpg 1024w, https:\/\/www.leschatougoulis.com\/wp-content\/uploads\/2022\/11\/IMG20221022091217-300x225.jpg 300w, https:\/\/www.leschatougoulis.com\/wp-content\/uploads\/2022\/11\/IMG20221022091217-768x576.jpg 768w, https:\/\/www.leschatougoulis.com\/wp-content\/uploads\/2022\/11\/IMG20221022091217-1536x1152.jpg 1536w, https:\/\/www.leschatougoulis.com\/wp-content\/uploads\/2022\/11\/IMG20221022091217-2048x1536.jpg 2048w, https:\/\/www.leschatougoulis.com\/wp-content\/uploads\/2022\/11\/IMG20221022091217-2000x1500.jpg 2000w, https:\/\/www.leschatougoulis.com\/wp-content\/uploads\/2022\/11\/IMG20221022091217-600x450.jpg 600w\" sizes=\"(max-width: 1024px) 100vw, 1024px\" \/><\/figure>\n<\/div><\/div>\n\n\n\n<div class=\"wp-block-column is-layout-flow wp-block-column-is-layout-flow\" style=\"flex-basis:33.33%\"><div class=\"wp-block-image\">\n<figure class=\"alignleft size-large\"><img decoding=\"async\" width=\"768\" height=\"1024\" src=\"https:\/\/www.leschatougoulis.com\/wp-content\/uploads\/2022\/11\/IMG20220416194034-768x1024.jpg\" alt=\"\" class=\"wp-image-633\" srcset=\"https:\/\/www.leschatougoulis.com\/wp-content\/uploads\/2022\/11\/IMG20220416194034-768x1024.jpg 768w, https:\/\/www.leschatougoulis.com\/wp-content\/uploads\/2022\/11\/IMG20220416194034-225x300.jpg 225w, https:\/\/www.leschatougoulis.com\/wp-content\/uploads\/2022\/11\/IMG20220416194034-1152x1536.jpg 1152w, https:\/\/www.leschatougoulis.com\/wp-content\/uploads\/2022\/11\/IMG20220416194034-1536x2048.jpg 1536w, https:\/\/www.leschatougoulis.com\/wp-content\/uploads\/2022\/11\/IMG20220416194034-2000x2667.jpg 2000w, https:\/\/www.leschatougoulis.com\/wp-content\/uploads\/2022\/11\/IMG20220416194034-600x800.jpg 600w, https:\/\/www.leschatougoulis.com\/wp-content\/uploads\/2022\/11\/IMG20220416194034-scaled.jpg 1920w\" sizes=\"(max-width: 768px) 100vw, 768px\" \/><\/figure>\n<\/div><\/div>\n<\/div>\n\n\n\n<div class=\"wp-block-columns is-layout-flex wp-container-core-columns-is-layout-9d6595d7 wp-block-columns-is-layout-flex\">\n<div class=\"wp-block-column is-layout-flow wp-block-column-is-layout-flow\">\n<h2 class=\"wp-block-heading has-text-align-center\">Petit d\u00e9jeuner<\/h2>\n\n\n\n<p>Le petit d\u00e9jeuner est inclus dans le prix de la nuit\u00e9e. <\/p>\n\n\n\n<p>Il est servi \u00e0 l&rsquo;heure que vous voulez (pas de minimum pour ceux qui veulent partir \u00e0 la fra\u00eeche), et jusqu&rsquo;\u00e0 11h30 pour ceux qui veulent profiter d&rsquo;une grasse matin\u00e9e !<\/p>\n\n\n\n<p>Vous pourrez vous servir \u00e0 un buffet de caf\u00e9, th\u00e9, jus, lait, muesli et yaourt, confitures locales et beurre, le tout bio, avec du pain et des fruits \u00e0 volont\u00e9.<\/p>\n\n\n\n<p>Nous nous faisons livrer du pain au levain produit dans un fournil dans un hameau de la vall\u00e9e (Irazein).<\/p>\n\n\n\n<figure class=\"wp-block-image size-large\"><img decoding=\"async\" width=\"1024\" height=\"768\" src=\"https:\/\/www.leschatougoulis.com\/wp-content\/uploads\/2022\/11\/IMG20221022091133-1024x768.jpg\" alt=\"\" class=\"wp-image-630\" srcset=\"https:\/\/www.leschatougoulis.com\/wp-content\/uploads\/2022\/11\/IMG20221022091133-1024x768.jpg 1024w, https:\/\/www.leschatougoulis.com\/wp-content\/uploads\/2022\/11\/IMG20221022091133-300x225.jpg 300w, https:\/\/www.leschatougoulis.com\/wp-content\/uploads\/2022\/11\/IMG20221022091133-768x576.jpg 768w, https:\/\/www.leschatougoulis.com\/wp-content\/uploads\/2022\/11\/IMG20221022091133-1536x1152.jpg 1536w, https:\/\/www.leschatougoulis.com\/wp-content\/uploads\/2022\/11\/IMG20221022091133-2048x1536.jpg 2048w, https:\/\/www.leschatougoulis.com\/wp-content\/uploads\/2022\/11\/IMG20221022091133-2000x1500.jpg 2000w, https:\/\/www.leschatougoulis.com\/wp-content\/uploads\/2022\/11\/IMG20221022091133-600x450.jpg 600w\" sizes=\"(max-width: 1024px) 100vw, 1024px\" \/><\/figure>\n\n\n\n<p>Nous vous proposons des oeufs, (cuisson au choix : au plat, brouill\u00e9, \u00e0 la coque, dur) accompagn\u00e9 ou non d&rsquo;une tranche de bacon de la vall\u00e9e. <\/p>\n\n\n\n<p>Tout les jours, nous vous ajoutons une gourmandise : cr\u00eapes, cookies ou tartelettes maison ou croissant au beurre<\/p>\n<\/div>\n\n\n\n<div class=\"wp-block-column is-layout-flow wp-block-column-is-layout-flow\">\n<h2 class=\"wp-block-heading has-text-align-center\">Table d&rsquo;h\u00f4te (d\u00eener)<\/h2>\n\n\n\n<p class=\"has-text-align-center\">Menu du jour :<\/p>\n\n\n\n<p class=\"has-text-align-center\">entr\u00e9e<br>~<br>plat<br>~<br>fromage local, <br>glace artisanale locale <br>ou dessert du jour<br>&#8211;<br>24 \u20ac\/ personne<\/p>\n\n\n\n<p>Tout est pr\u00e9par\u00e9 maison Nous privil\u00e9gions des produits bio et\/ou locaux, voire du jardin si possible.<\/p>\n\n\n\n<figure class=\"wp-block-image alignwide size-large\"><img loading=\"lazy\" decoding=\"async\" width=\"1024\" height=\"768\" src=\"https:\/\/www.leschatougoulis.com\/wp-content\/uploads\/2022\/06\/WhatsApp-Image-2022-06-21-at-10.52.47-1024x768.jpeg\" alt=\"\" class=\"wp-image-559\" srcset=\"https:\/\/www.leschatougoulis.com\/wp-content\/uploads\/2022\/06\/WhatsApp-Image-2022-06-21-at-10.52.47-1024x768.jpeg 1024w, https:\/\/www.leschatougoulis.com\/wp-content\/uploads\/2022\/06\/WhatsApp-Image-2022-06-21-at-10.52.47-300x225.jpeg 300w, https:\/\/www.leschatougoulis.com\/wp-content\/uploads\/2022\/06\/WhatsApp-Image-2022-06-21-at-10.52.47-768x576.jpeg 768w, https:\/\/www.leschatougoulis.com\/wp-content\/uploads\/2022\/06\/WhatsApp-Image-2022-06-21-at-10.52.47-1536x1152.jpeg 1536w, https:\/\/www.leschatougoulis.com\/wp-content\/uploads\/2022\/06\/WhatsApp-Image-2022-06-21-at-10.52.47-2000x1500.jpeg 2000w, https:\/\/www.leschatougoulis.com\/wp-content\/uploads\/2022\/06\/WhatsApp-Image-2022-06-21-at-10.52.47.jpeg 2048w\" sizes=\"(max-width: 1024px) 100vw, 1024px\" \/><\/figure>\n\n\n\n<p>Nous vous proposons chaque soir un menu diff\u00e9rent. <\/p>\n\n\n\n<p>Menu enfant (jusqu&rsquo;\u00e0 12 ans) : 15\u20ac<br>Possibilit\u00e9 d&rsquo;avoir le m\u00eame menu un peu moins copieux ou un menu adapt\u00e9 (type saucisse pur\u00e9e maison)<\/p>\n\n\n\n<p>*Raclette sur demande avec des fromages locaux<\/p>\n<\/div>\n\n\n\n<div class=\"wp-block-column is-layout-flow wp-block-column-is-layout-flow\">\n<h2 class=\"wp-block-heading has-text-align-center\">Panier repas<\/h2>\n\n\n\n<p class=\"has-text-align-left\">Pour 10 \u20ac\/personne, nous vous proposons le choix entre deux formules :<br><\/p>\n\n\n\n<p class=\"has-text-align-center\">Formule randonneur, <br>par personne : <br>sandwich<br>(au choix et selon disponibilit\u00e9 : p\u00e2t\u00e9, fromage, jambon..)<br> barre de c\u00e9r\u00e9ales<br>fruit<br>&#8211;<br>Formule pique-nique<br>(\u00e0 partir de 2) :<br>Une miche de pain avec de la charcuterie et du fromage \u00e0 partager<br>un m\u00e9lange d&rsquo;amandes, noisettes, noix de cajou<br>fruits<br><\/p>\n\n\n\n<div style=\"height:38px\" aria-hidden=\"true\" class=\"wp-block-spacer\"><\/div>\n\n\n\n<h2 class=\"wp-block-heading has-text-align-center\">Planches ap\u00e9ro<\/h2>\n\n\n\n<p class=\"has-text-align-left\">Nous servons des planches (v\u00e9g\u00e9, fromage, charcuterie, mixte) o\u00f9 se combinent tartinades maison, charcuteries et fromages locaux, l\u00e9gumes du jardin selon les produits du moment.<br><\/p>\n<\/div>\n<\/div>\n<\/div><\/div>\n\n\n\n<div class=\"wp-block-group alignfull has-very-light-gray-to-cyan-bluish-gray-gradient-background has-background\"><div class=\"wp-block-group__inner-container is-layout-flow wp-block-group-is-layout-flow\">\n<h2 class=\"wp-block-heading has-text-align-center\">Exemples de plats propos\u00e9s<\/h2>\n\n\n\n<figure class=\"wp-block-image alignfull size-large\"><img loading=\"lazy\" decoding=\"async\" width=\"1024\" height=\"576\" src=\"https:\/\/www.leschatougoulis.com\/wp-content\/uploads\/2022\/12\/plats6-1024x576.png\" alt=\"\" class=\"wp-image-757\" srcset=\"https:\/\/www.leschatougoulis.com\/wp-content\/uploads\/2022\/12\/plats6-1024x576.png 1024w, https:\/\/www.leschatougoulis.com\/wp-content\/uploads\/2022\/12\/plats6-300x169.png 300w, https:\/\/www.leschatougoulis.com\/wp-content\/uploads\/2022\/12\/plats6-768x432.png 768w, https:\/\/www.leschatougoulis.com\/wp-content\/uploads\/2022\/12\/plats6-1536x864.png 1536w, https:\/\/www.leschatougoulis.com\/wp-content\/uploads\/2022\/12\/plats6-2048x1152.png 2048w, https:\/\/www.leschatougoulis.com\/wp-content\/uploads\/2022\/12\/plats6-2000x1125.png 2000w, https:\/\/www.leschatougoulis.com\/wp-content\/uploads\/2022\/12\/plats6-600x338.png 600w\" sizes=\"(max-width: 1024px) 100vw, 1024px\" \/><\/figure>\n<\/div><\/div>\n\n\n\n<div class=\"wp-block-group alignfull has-background\" style=\"background-color:#f8f4e4\"><div class=\"wp-block-group__inner-container is-layout-flow wp-block-group-is-layout-flow\">\n<h2 class=\"wp-block-heading has-text-align-center\">Boissons<\/h2>\n\n\n\n<div class=\"wp-block-columns is-layout-flex wp-container-core-columns-is-layout-9d6595d7 wp-block-columns-is-layout-flex\">\n<div class=\"wp-block-column is-layout-flow wp-block-column-is-layout-flow\">\n<p>Pour prendre l&rsquo;ap\u00e9ritif et accompagner votre repas nous avons une carte de :<\/p>\n\n\n\n<ul class=\"wp-block-list\">\n<li><strong>bi\u00e8res <\/strong>(notamment locales bio de la brasserie <a href=\"https:\/\/www.brasserie-laboussole.fr\/\">La Boussole<\/a>)<\/li>\n<\/ul>\n\n\n\n<ul class=\"wp-block-list\">\n<li><strong>vin <\/strong>(blanc, rouge, ros\u00e9 &#8211; au verre, en pichet ou \u00e0 la bouteille &#8211; bio ou HVE)<\/li>\n<\/ul>\n\n\n\n<ul class=\"wp-block-list\">\n<li><strong>ap\u00e9ritifs <\/strong>(ap\u00e9ritif local aux myrtilles, porto, martini rouge et blanc, baileys, get 27, limoncello)<\/li>\n<\/ul>\n\n\n\n<ul class=\"wp-block-list\">\n<li><strong>softs <\/strong>(sodas, jus bio, sirops, boissons chaudes)<\/li>\n<\/ul>\n<\/div>\n\n\n\n<div class=\"wp-block-column is-layout-flow wp-block-column-is-layout-flow\">\n<div class=\"wp-block-columns is-layout-flex wp-container-core-columns-is-layout-9d6595d7 wp-block-columns-is-layout-flex\">\n<div class=\"wp-block-column is-layout-flow wp-block-column-is-layout-flow\">\n<figure class=\"wp-block-image size-large\"><a href=\"https:\/\/www.brasserie-laboussole.fr\/\"><img loading=\"lazy\" decoding=\"async\" width=\"999\" height=\"1024\" src=\"https:\/\/www.leschatougoulis.com\/wp-content\/uploads\/2022\/11\/boussole-scaled-2-999x1024.jpg\" alt=\"\" class=\"wp-image-601\" srcset=\"https:\/\/www.leschatougoulis.com\/wp-content\/uploads\/2022\/11\/boussole-scaled-2-999x1024.jpg 999w, https:\/\/www.leschatougoulis.com\/wp-content\/uploads\/2022\/11\/boussole-scaled-2-293x300.jpg 293w, https:\/\/www.leschatougoulis.com\/wp-content\/uploads\/2022\/11\/boussole-scaled-2-768x787.jpg 768w, https:\/\/www.leschatougoulis.com\/wp-content\/uploads\/2022\/11\/boussole-scaled-2-1499x1536.jpg 1499w, https:\/\/www.leschatougoulis.com\/wp-content\/uploads\/2022\/11\/boussole-scaled-2-1998x2048.jpg 1998w, https:\/\/www.leschatougoulis.com\/wp-content\/uploads\/2022\/11\/boussole-scaled-2-2000x2050.jpg 2000w, https:\/\/www.leschatougoulis.com\/wp-content\/uploads\/2022\/11\/boussole-scaled-2-600x615.jpg 600w\" sizes=\"(max-width: 999px) 100vw, 999px\" \/><\/a><\/figure>\n<\/div>\n\n\n\n<div class=\"wp-block-column is-layout-flow wp-block-column-is-layout-flow\">\n<div style=\"height:55px\" aria-hidden=\"true\" class=\"wp-block-spacer\"><\/div>\n\n\n\n<figure class=\"wp-block-image size-large\"><img loading=\"lazy\" decoding=\"async\" width=\"768\" height=\"1024\" src=\"https:\/\/www.leschatougoulis.com\/wp-content\/uploads\/2022\/11\/311790496_546463074148674_1664116242124258155_n-768x1024.jpg\" alt=\"\" class=\"wp-image-600\" srcset=\"https:\/\/www.leschatougoulis.com\/wp-content\/uploads\/2022\/11\/311790496_546463074148674_1664116242124258155_n-768x1024.jpg 768w, https:\/\/www.leschatougoulis.com\/wp-content\/uploads\/2022\/11\/311790496_546463074148674_1664116242124258155_n-225x300.jpg 225w, https:\/\/www.leschatougoulis.com\/wp-content\/uploads\/2022\/11\/311790496_546463074148674_1664116242124258155_n-1152x1536.jpg 1152w, https:\/\/www.leschatougoulis.com\/wp-content\/uploads\/2022\/11\/311790496_546463074148674_1664116242124258155_n-600x800.jpg 600w, https:\/\/www.leschatougoulis.com\/wp-content\/uploads\/2022\/11\/311790496_546463074148674_1664116242124258155_n.jpg 1536w\" sizes=\"(max-width: 768px) 100vw, 768px\" \/><\/figure>\n<\/div>\n<\/div>\n<\/div>\n<\/div>\n<\/div><\/div>\n\n\n\n<p><\/p>\n","protected":false},"excerpt":{"rendered":"<p>Table d&rsquo;h\u00f4te Petit d\u00e9jeuner Le petit d\u00e9jeuner est inclus dans le prix de la nuit\u00e9e. Il est servi \u00e0 l&rsquo;heure que vous voulez (pas de minimum pour ceux qui veulent partir \u00e0 la fra\u00eeche), et jusqu&rsquo;\u00e0 11h30 pour ceux qui veulent profiter d&rsquo;une grasse matin\u00e9e ! Vous pourrez vous servir \u00e0 un buffet de caf\u00e9, &hellip; <\/p>\n<p class=\"link-more\"><a href=\"https:\/\/www.leschatougoulis.com\/index.php\/table-dhote\/\" class=\"more-link\">Lire la suite de<span class=\"screen-reader-text\">\u00ab\u00a0\u00a0\u00bb<\/span><\/a><\/p>\n","protected":false},"author":1,"featured_media":0,"parent":0,"menu_order":0,"comment_status":"closed","ping_status":"closed","template":"","meta":{"footnotes":""},"class_list":["post-295","page","type-page","status-publish","hentry"],"featured_media_urls":[],"_links":{"self":[{"href":"https:\/\/www.leschatougoulis.com\/index.php\/wp-json\/wp\/v2\/pages\/295","targetHints":{"allow":["GET"]}}],"collection":[{"href":"https:\/\/www.leschatougoulis.com\/index.php\/wp-json\/wp\/v2\/pages"}],"about":[{"href":"https:\/\/www.leschatougoulis.com\/index.php\/wp-json\/wp\/v2\/types\/page"}],"author":[{"embeddable":true,"href":"https:\/\/www.leschatougoulis.com\/index.php\/wp-json\/wp\/v2\/users\/1"}],"replies":[{"embeddable":true,"href":"https:\/\/www.leschatougoulis.com\/index.php\/wp-json\/wp\/v2\/comments?post=295"}],"version-history":[{"count":31,"href":"https:\/\/www.leschatougoulis.com\/index.php\/wp-json\/wp\/v2\/pages\/295\/revisions"}],"predecessor-version":[{"id":985,"href":"https:\/\/www.leschatougoulis.com\/index.php\/wp-json\/wp\/v2\/pages\/295\/revisions\/985"}],"wp:attachment":[{"href":"https:\/\/www.leschatougoulis.com\/index.php\/wp-json\/wp\/v2\/media?parent=295"}],"curies":[{"name":"wp","href":"https:\/\/api.w.org\/{rel}","templated":true}]}}