{"id":30,"date":"2022-03-05T20:14:14","date_gmt":"2022-03-05T19:14:14","guid":{"rendered":"http:\/\/leschatougoulis.com\/?page_id=30"},"modified":"2025-12-02T20:22:47","modified_gmt":"2025-12-02T19:22:47","slug":"tarifs","status":"publish","type":"page","link":"https:\/\/www.leschatougoulis.com\/index.php\/tarifs\/","title":{"rendered":"Tarifs"},"content":{"rendered":"\n<p>Nous acceptons les paiements en CB, ch\u00e8que, liquide, ch\u00e8ques vacances ANCV.<\/p>\n\n\n\n<p>(Pour information, nous avons des frais \u00e9lev\u00e9s sur les paiements en carte bancaire, si vous avez le choix n&rsquo;h\u00e9sitez pas \u00e0 privil\u00e9gier un autre moyen de paiement \ud83d\ude42 )<\/p>\n\n\n\n<p><\/p>\n\n\n\n<div class=\"wp-block-media-text alignwide is-stacked-on-mobile\"><figure class=\"wp-block-media-text__media\"><img fetchpriority=\"high\" decoding=\"async\" width=\"1024\" height=\"741\" src=\"https:\/\/www.leschatougoulis.com\/wp-content\/uploads\/2022\/03\/20220315_132130bis-1024x741.jpg\" alt=\"\" class=\"wp-image-412 size-full\" srcset=\"https:\/\/www.leschatougoulis.com\/wp-content\/uploads\/2022\/03\/20220315_132130bis-1024x741.jpg 1024w, https:\/\/www.leschatougoulis.com\/wp-content\/uploads\/2022\/03\/20220315_132130bis-300x217.jpg 300w, https:\/\/www.leschatougoulis.com\/wp-content\/uploads\/2022\/03\/20220315_132130bis-768x556.jpg 768w, https:\/\/www.leschatougoulis.com\/wp-content\/uploads\/2022\/03\/20220315_132130bis-1536x1112.jpg 1536w, https:\/\/www.leschatougoulis.com\/wp-content\/uploads\/2022\/03\/20220315_132130bis.jpg 1680w\" sizes=\"(max-width: 1024px) 100vw, 1024px\" \/><\/figure><div class=\"wp-block-media-text__content\">\n<h2 class=\"wp-block-heading\">Chambre Kyoto <br>(3 personnes)<\/h2>\n\n\n\n<p class=\"has-medium-font-size\">Chambre avec grand lit double et coin bureau avec lit simple.<\/p>\n\n\n\n<figure class=\"wp-block-table\"><table><tbody><tr><td><\/td><td>nuit\u00e9e<\/td><\/tr><tr><td>1 personne<\/td><td>79 \u20ac<\/td><\/tr><tr><td>2 personnes<\/td><td>89 \u20ac<\/td><\/tr><tr><td>3 personnes<\/td><td>104 \u20ac<\/td><\/tr><\/tbody><\/table><figcaption class=\"wp-element-caption\"><mark style=\"background-color:rgba(0, 0, 0, 0)\" class=\"has-inline-color has-black-color\"><strong>Petits d\u00e9jeuners inclus<\/strong><\/mark><\/figcaption><\/figure>\n<\/div><\/div>\n\n\n\n<hr class=\"wp-block-separator has-css-opacity\"\/>\n\n\n\n<div class=\"wp-block-media-text alignwide has-media-on-the-right is-stacked-on-mobile\"><div class=\"wp-block-media-text__content\">\n<h2 class=\"wp-block-heading\">Suite <br>(5 personnes)<\/h2>\n\n\n\n<p class=\"has-medium-font-size\">Chambre avec grand lit double et lit simple, salon privatif avec canap\u00e9 banquette d\u00e9pliable en lit 160.<\/p>\n\n\n\n<figure class=\"wp-block-table\"><table><tbody><tr><td><\/td><td>nuit\u00e9e<\/td><\/tr><tr><td>1-2 personnes<\/td><td>104 \u20ac<\/td><\/tr><tr><td>3 personnes<\/td><td>119 \u20ac<\/td><\/tr><tr><td>4 personnes<\/td><td>134 \u20ac<\/td><\/tr><tr><td>5 personnes<\/td><td>149 \u20ac<\/td><\/tr><\/tbody><\/table><figcaption class=\"wp-element-caption\"><mark style=\"background-color:rgba(0, 0, 0, 0)\" class=\"has-inline-color has-black-color\"><strong>Petits d\u00e9jeuners inclus<\/strong><\/mark><\/figcaption><\/figure>\n<\/div><figure class=\"wp-block-media-text__media\"><img decoding=\"async\" width=\"1024\" height=\"611\" src=\"https:\/\/www.leschatougoulis.com\/wp-content\/uploads\/2022\/03\/20220315_135306-1024x611.jpg\" alt=\"\" class=\"wp-image-414 size-full\" srcset=\"https:\/\/www.leschatougoulis.com\/wp-content\/uploads\/2022\/03\/20220315_135306-1024x611.jpg 1024w, https:\/\/www.leschatougoulis.com\/wp-content\/uploads\/2022\/03\/20220315_135306-300x179.jpg 300w, https:\/\/www.leschatougoulis.com\/wp-content\/uploads\/2022\/03\/20220315_135306-768x458.jpg 768w, https:\/\/www.leschatougoulis.com\/wp-content\/uploads\/2022\/03\/20220315_135306-1536x917.jpg 1536w, https:\/\/www.leschatougoulis.com\/wp-content\/uploads\/2022\/03\/20220315_135306-2048x1222.jpg 2048w, https:\/\/www.leschatougoulis.com\/wp-content\/uploads\/2022\/03\/20220315_135306-2000x1194.jpg 2000w\" sizes=\"(max-width: 1024px) 100vw, 1024px\" \/><\/figure><\/div>\n\n\n\n<hr class=\"wp-block-separator has-css-opacity\"\/>\n\n\n\n<div class=\"wp-block-columns is-layout-flex wp-container-core-columns-is-layout-9d6595d7 wp-block-columns-is-layout-flex\">\n<div class=\"wp-block-column is-layout-flow wp-block-column-is-layout-flow\">\n<figure class=\"wp-block-image size-large is-style-rounded\"><img decoding=\"async\" width=\"1024\" height=\"854\" src=\"http:\/\/leschatougoulis.com\/wp-content\/uploads\/2022\/03\/DSC4177-1-1024x854.jpg\" alt=\"\" class=\"wp-image-132\" srcset=\"https:\/\/www.leschatougoulis.com\/wp-content\/uploads\/2022\/03\/DSC4177-1-1024x854.jpg 1024w, https:\/\/www.leschatougoulis.com\/wp-content\/uploads\/2022\/03\/DSC4177-1-300x250.jpg 300w, https:\/\/www.leschatougoulis.com\/wp-content\/uploads\/2022\/03\/DSC4177-1-768x641.jpg 768w, https:\/\/www.leschatougoulis.com\/wp-content\/uploads\/2022\/03\/DSC4177-1-1536x1282.jpg 1536w, https:\/\/www.leschatougoulis.com\/wp-content\/uploads\/2022\/03\/DSC4177-1-2048x1709.jpg 2048w, https:\/\/www.leschatougoulis.com\/wp-content\/uploads\/2022\/03\/DSC4177-1-2000x1669.jpg 2000w\" sizes=\"(max-width: 1024px) 100vw, 1024px\" \/><\/figure>\n<\/div>\n\n\n\n<div class=\"wp-block-column is-layout-flow wp-block-column-is-layout-flow\">\n<h2 class=\"wp-block-heading\">Groupe<br>(8 personnes max)<\/h2>\n\n\n\n<p class=\"has-medium-font-size\">R\u00e9servation des deux chambres<\/p>\n\n\n\n<figure class=\"wp-block-table\"><table><tbody><tr><td><\/td><td>nuit\u00e9e<\/td><\/tr><tr><td>2-4 personnes<\/td><td>179 \u20ac<\/td><\/tr><tr><td>5 personnes<\/td><td>194 \u20ac<\/td><\/tr><tr><td>6 personnes<\/td><td>209 \u20ac<\/td><\/tr><tr><td>7 personnes<\/td><td>224 \u20ac<\/td><\/tr><tr><td>8 personnes<\/td><td>239 \u20ac<\/td><\/tr><\/tbody><\/table><figcaption class=\"wp-element-caption\">Petits d\u00e9jeuners inclus<\/figcaption><\/figure>\n\n\n\n<p class=\"has-medium-font-size\"><\/p>\n<\/div>\n<\/div>\n\n\n\n<div style=\"height:100px\" aria-hidden=\"true\" class=\"wp-block-spacer\"><\/div>\n","protected":false},"excerpt":{"rendered":"<p>Nous acceptons les paiements en CB, ch\u00e8que, liquide, ch\u00e8ques vacances ANCV. (Pour information, nous avons des frais \u00e9lev\u00e9s sur les paiements en carte bancaire, si vous avez le choix n&rsquo;h\u00e9sitez pas \u00e0 privil\u00e9gier un autre moyen de paiement \ud83d\ude42 ) Groupe(8 personnes max) R\u00e9servation des deux chambres nuit\u00e9e 2-4 personnes 179 \u20ac 5 personnes 194 &hellip; <\/p>\n<p class=\"link-more\"><a href=\"https:\/\/www.leschatougoulis.com\/index.php\/tarifs\/\" class=\"more-link\">Lire la suite de<span class=\"screen-reader-text\">\u00ab\u00a0Tarifs\u00a0\u00bb<\/span><\/a><\/p>\n","protected":false},"author":1,"featured_media":0,"parent":0,"menu_order":0,"comment_status":"closed","ping_status":"closed","template":"","meta":{"footnotes":""},"class_list":["post-30","page","type-page","status-publish","hentry"],"featured_media_urls":[],"_links":{"self":[{"href":"https:\/\/www.leschatougoulis.com\/index.php\/wp-json\/wp\/v2\/pages\/30","targetHints":{"allow":["GET"]}}],"collection":[{"href":"https:\/\/www.leschatougoulis.com\/index.php\/wp-json\/wp\/v2\/pages"}],"about":[{"href":"https:\/\/www.leschatougoulis.com\/index.php\/wp-json\/wp\/v2\/types\/page"}],"author":[{"embeddable":true,"href":"https:\/\/www.leschatougoulis.com\/index.php\/wp-json\/wp\/v2\/users\/1"}],"replies":[{"embeddable":true,"href":"https:\/\/www.leschatougoulis.com\/index.php\/wp-json\/wp\/v2\/comments?post=30"}],"version-history":[{"count":24,"href":"https:\/\/www.leschatougoulis.com\/index.php\/wp-json\/wp\/v2\/pages\/30\/revisions"}],"predecessor-version":[{"id":991,"href":"https:\/\/www.leschatougoulis.com\/index.php\/wp-json\/wp\/v2\/pages\/30\/revisions\/991"}],"wp:attachment":[{"href":"https:\/\/www.leschatougoulis.com\/index.php\/wp-json\/wp\/v2\/media?parent=30"}],"curies":[{"name":"wp","href":"https:\/\/api.w.org\/{rel}","templated":true}]}}