{"id":33,"date":"2022-03-05T20:14:14","date_gmt":"2022-03-05T19:14:14","guid":{"rendered":"http:\/\/leschatougoulis.com\/?page_id=33"},"modified":"2024-07-14T08:20:28","modified_gmt":"2024-07-14T06:20:28","slug":"acces","status":"publish","type":"page","link":"https:\/\/www.leschatougoulis.com\/index.php\/acces\/","title":{"rendered":"Acc\u00e8s"},"content":{"rendered":"\t\t<div data-elementor-type=\"wp-page\" data-elementor-id=\"33\" class=\"elementor elementor-33\">\n\t\t\t\t\t\t<section class=\"elementor-section elementor-top-section elementor-element elementor-element-9729230 elementor-section-boxed elementor-section-height-default elementor-section-height-default\" data-id=\"9729230\" data-element_type=\"section\">\n\t\t\t\t\t\t<div class=\"elementor-container elementor-column-gap-default\">\n\t\t\t\t\t<div class=\"elementor-column elementor-col-50 elementor-top-column elementor-element elementor-element-d85df80\" data-id=\"d85df80\" data-element_type=\"column\">\n\t\t\t<div class=\"elementor-widget-wrap elementor-element-populated\">\n\t\t\t\t\t\t<div class=\"elementor-element elementor-element-93c3429 elementor-view-stacked elementor-shape-circle elementor-position-top elementor-mobile-position-top elementor-widget elementor-widget-icon-box\" data-id=\"93c3429\" data-element_type=\"widget\" data-widget_type=\"icon-box.default\">\n\t\t\t\t<div class=\"elementor-widget-container\">\n\t\t\t\t\t\t\t<div class=\"elementor-icon-box-wrapper\">\n\n\t\t\t\t\t\t<div class=\"elementor-icon-box-icon\">\n\t\t\t\t<span  class=\"elementor-icon\">\n\t\t\t\t<i aria-hidden=\"true\" class=\"fas fa-mountain\"><\/i>\t\t\t\t<\/span>\n\t\t\t<\/div>\n\t\t\t\n\t\t\t\t\t\t<div class=\"elementor-icon-box-content\">\n\n\t\t\t\t\t\t\t\t\t<h3 class=\"elementor-icon-box-title\">\n\t\t\t\t\t\t<span  >\n\t\t\t\t\t\t\tOurjout<br>09800 Bordes Uchentein\t\t\t\t\t\t<\/span>\n\t\t\t\t\t<\/h3>\n\t\t\t\t\n\t\t\t\t\t\t\t\t\t<p class=\"elementor-icon-box-description\">\n\t\t\t\t\t\tDans le Couserans, un bassin de vie compos\u00e9 de 18 vall\u00e9es convergeant vers Saint Girons et son incontournable march\u00e9 du samedi matin, plus pr\u00e9cis\u00e9ment dans la vall\u00e9e du Lez, juste apr\u00e8s Castillon-en-Couserans avec toutes les commodit\u00e9s, la maison se situe \u00e0 la crois\u00e9e des vall\u00e9es de Bethmale et du Biros, et non loin de la vall\u00e9e de la Bellongue, avec leurs pittoresques villages en pierre et en ardoises.\t\t\t\t\t<\/p>\n\t\t\t\t\n\t\t\t<\/div>\n\t\t\t\n\t\t<\/div>\n\t\t\t\t\t\t<\/div>\n\t\t\t\t<\/div>\n\t\t\t\t<div class=\"elementor-element elementor-element-b26480e elementor-widget elementor-widget-google_maps\" data-id=\"b26480e\" data-element_type=\"widget\" data-widget_type=\"google_maps.default\">\n\t\t\t\t<div class=\"elementor-widget-container\">\n\t\t\t\t\t\t\t<div class=\"elementor-custom-embed\">\n\t\t\t<iframe loading=\"lazy\"\n\t\t\t\t\tsrc=\"https:\/\/maps.google.com\/maps?q=Ourjout&#038;t=m&#038;z=10&#038;output=embed&#038;iwloc=near\"\n\t\t\t\t\ttitle=\"Ourjout\"\n\t\t\t\t\taria-label=\"Ourjout\"\n\t\t\t><\/iframe>\n\t\t<\/div>\n\t\t\t\t\t\t<\/div>\n\t\t\t\t<\/div>\n\t\t\t\t<div class=\"elementor-element elementor-element-1008cf1 elementor-widget elementor-widget-image\" data-id=\"1008cf1\" data-element_type=\"widget\" data-widget_type=\"image.default\">\n\t\t\t\t<div class=\"elementor-widget-container\">\n\t\t\t\t\t\t\t\t\t\t\t\t\t\t\t<img fetchpriority=\"high\" decoding=\"async\" width=\"895\" height=\"827\" src=\"https:\/\/www.leschatougoulis.com\/wp-content\/uploads\/2022\/11\/petit-pont.png\" class=\"attachment-large size-large wp-image-719\" alt=\"\" srcset=\"https:\/\/www.leschatougoulis.com\/wp-content\/uploads\/2022\/11\/petit-pont.png 895w, https:\/\/www.leschatougoulis.com\/wp-content\/uploads\/2022\/11\/petit-pont-300x277.png 300w, https:\/\/www.leschatougoulis.com\/wp-content\/uploads\/2022\/11\/petit-pont-768x710.png 768w, https:\/\/www.leschatougoulis.com\/wp-content\/uploads\/2022\/11\/petit-pont-600x554.png 600w\" sizes=\"100vw\" \/>\t\t\t\t\t\t\t\t\t\t\t\t\t\t\t<\/div>\n\t\t\t\t<\/div>\n\t\t\t\t<div class=\"elementor-element elementor-element-11ed3ef elementor-widget elementor-widget-image\" data-id=\"11ed3ef\" data-element_type=\"widget\" data-widget_type=\"image.default\">\n\t\t\t\t<div class=\"elementor-widget-container\">\n\t\t\t\t\t\t\t\t\t\t\t\t\t\t\t<img decoding=\"async\" width=\"950\" height=\"913\" src=\"https:\/\/www.leschatougoulis.com\/wp-content\/uploads\/2022\/03\/DSC3023-2-1024x984.jpg\" class=\"attachment-large size-large wp-image-149\" alt=\"\" srcset=\"https:\/\/www.leschatougoulis.com\/wp-content\/uploads\/2022\/03\/DSC3023-2-1024x984.jpg 1024w, https:\/\/www.leschatougoulis.com\/wp-content\/uploads\/2022\/03\/DSC3023-2-300x288.jpg 300w, https:\/\/www.leschatougoulis.com\/wp-content\/uploads\/2022\/03\/DSC3023-2-768x738.jpg 768w, https:\/\/www.leschatougoulis.com\/wp-content\/uploads\/2022\/03\/DSC3023-2-1536x1476.jpg 1536w, https:\/\/www.leschatougoulis.com\/wp-content\/uploads\/2022\/03\/DSC3023-2-2048x1968.jpg 2048w, https:\/\/www.leschatougoulis.com\/wp-content\/uploads\/2022\/03\/DSC3023-2-2000x1922.jpg 2000w\" sizes=\"100vw\" \/>\t\t\t\t\t\t\t\t\t\t\t\t\t\t\t<\/div>\n\t\t\t\t<\/div>\n\t\t\t\t<div class=\"elementor-element elementor-element-42ba755 elementor-widget elementor-widget-text-editor\" data-id=\"42ba755\" data-element_type=\"widget\" data-widget_type=\"text-editor.default\">\n\t\t\t\t<div class=\"elementor-widget-container\">\n\t\t\t\t\t\t\t\t\t<p><em><strong>En transports en commun<\/strong><\/em><br>Vous pouvez vous rendre \u00e0 Toulouse, Boussens ou Foix en train ou train de nuit. Le bus 452 permet de rallier St Girons depuis Boussens (1 liaison\/jour avec Toulouse \u00e9galement), et le 454 depuis Foix. La gare de Boussens est celle offrant les liaisons les plus fr\u00e9quentes, avec correspondance syst\u00e9matique en bus pour Saint Girons.<br>Depuis Saint Girons, le bus 455 dessert directement Bordes sur Lez (arr\u00eat \u00e0 350m) \u00e0 certains horaires, sur d&rsquo;autres il s&rsquo;arr\u00eate \u00e0 Castillon-en-Couserans et un transport \u00e0 la demande (\u00e0 r\u00e9server la veille) cal\u00e9 sur les horaires permet de finir le trajet.<br>Les fiches horaires des bus se trouvent sur le site de la r\u00e9gion LiO : https:\/\/www.mestrajets.lio.laregion.fr\/documents\/<br>N&rsquo;h\u00e9sitez pas \u00e0 regarder \u00e9galement les possibilit\u00e9s offertes par le covoiturage (blablacar).<\/p>\n\n<p><em><strong>V\u00e9lo<\/strong><\/em><br>Nous pouvons pr\u00eater 3 v\u00e9los pour se rendre par exemple \u00e0 Castillon-en-Couserans o\u00f9 toutes les commodit\u00e9s sont accessibles (10 minutes \u00e0 v\u00e9lo).<\/p>\t\t\t\t\t\t\t\t<\/div>\n\t\t\t\t<\/div>\n\t\t\t\t\t<\/div>\n\t\t<\/div>\n\t\t\t\t<div class=\"elementor-column elementor-col-50 elementor-top-column elementor-element elementor-element-b9dff21\" data-id=\"b9dff21\" data-element_type=\"column\">\n\t\t\t<div class=\"elementor-widget-wrap elementor-element-populated\">\n\t\t\t\t\t\t<div class=\"elementor-element elementor-element-ef2587d elementor-widget elementor-widget-image\" data-id=\"ef2587d\" data-element_type=\"widget\" data-widget_type=\"image.default\">\n\t\t\t\t<div class=\"elementor-widget-container\">\n\t\t\t\t\t\t\t\t\t\t\t\t\t\t\t<img decoding=\"async\" width=\"950\" height=\"760\" src=\"https:\/\/www.leschatougoulis.com\/wp-content\/uploads\/2022\/11\/Vallee-de-Bethmale1-1-1024x819.png\" class=\"attachment-large size-large wp-image-699\" alt=\"\" srcset=\"https:\/\/www.leschatougoulis.com\/wp-content\/uploads\/2022\/11\/Vallee-de-Bethmale1-1-1024x819.png 1024w, https:\/\/www.leschatougoulis.com\/wp-content\/uploads\/2022\/11\/Vallee-de-Bethmale1-1-300x240.png 300w, https:\/\/www.leschatougoulis.com\/wp-content\/uploads\/2022\/11\/Vallee-de-Bethmale1-1-768x614.png 768w, https:\/\/www.leschatougoulis.com\/wp-content\/uploads\/2022\/11\/Vallee-de-Bethmale1-1-1536x1229.png 1536w, https:\/\/www.leschatougoulis.com\/wp-content\/uploads\/2022\/11\/Vallee-de-Bethmale1-1-600x480.png 600w, https:\/\/www.leschatougoulis.com\/wp-content\/uploads\/2022\/11\/Vallee-de-Bethmale1-1.png 2000w\" sizes=\"100vw\" \/>\t\t\t\t\t\t\t\t\t\t\t\t\t\t\t<\/div>\n\t\t\t\t<\/div>\n\t\t\t\t<div class=\"elementor-element elementor-element-84f676b elementor-widget elementor-widget-text-editor\" data-id=\"84f676b\" data-element_type=\"widget\" data-widget_type=\"text-editor.default\">\n\t\t\t\t<div class=\"elementor-widget-container\">\n\t\t\t\t\t\t\t\t\t<p><b><i>A pied ou en v\u00e9lo<\/i><\/b><br>A l&rsquo;entr\u00e9e du village de Bordes sur Lez (en venant de Castillon-en-Couserans), des panneaux en bois au nom de la chambre d&rsquo;h\u00f4te \u00ab\u00a0Les Chatougoulis\u00a0\u00bb vous guideront depuis la route principale, en empruntant le pont vers le hameau d&rsquo;Ourjout, jusqu&rsquo;\u00e0 la maison.&nbsp;<em><strong> <br><\/strong><\/em><\/p>\n<p><em><strong>En voiture<br><\/strong><\/em>En venant de Castillon-en-Couserans, des panneaux en bois au nom de la chambre d&rsquo;h\u00f4te \u00ab\u00a0Les Chatougoulis\u00a0\u00bb vous guideront depuis la route principale. A l&rsquo;entr\u00e9e du village de Bordes sur Lez, il faut bifurquer \u00e0 droite sur le petit pont vers le hameau d&rsquo;Ourjout. Les panneaux vous guideront ensuite vers un parking dans le hameau situ\u00e9 \u00e0 20m de la maison (voir le plan \u00e0 gauche).<\/p>\n<p>Si le pont vous parait trop \u00e9troit, ou pour d\u00e9poser vos affaires directement au pied de la maison, une route plus large permet d&rsquo;acc\u00e9der \u00e0 une place de stationnement privative directement sur la parcelle. Il faut continuer alors sur la route principale et traverser le village de Bordes sur Lez. A la sortie du village, apr\u00e8s avoir laiss\u00e9 sur votre droite la centrale hydro\u00e9lectrique Edf, tout de suite \u00e0 droite apr\u00e8s le pont une route m\u00e8ne directement au hameau par derri\u00e8re. En continuant tout droit vous arriverez \u00e0 un passage tr\u00e8s \u00e9troit : vous \u00eates arriv\u00e9s, la maison fait l&rsquo;angle (voir plan ci-dessous). Contactez nous si vous arrivez par cette route.<\/p><div>Un parking est \u00e9galement disponible \u00e0 Bordes sur Lez \u00e0 200m de la maison.<\/div>\t\t\t\t\t\t\t\t<\/div>\n\t\t\t\t<\/div>\n\t\t\t\t<div class=\"elementor-element elementor-element-596f8ce elementor-widget elementor-widget-image\" data-id=\"596f8ce\" data-element_type=\"widget\" data-widget_type=\"image.default\">\n\t\t\t\t<div class=\"elementor-widget-container\">\n\t\t\t\t\t\t\t\t\t\t\t\t\t\t\t<img loading=\"lazy\" decoding=\"async\" width=\"470\" height=\"887\" src=\"https:\/\/www.leschatougoulis.com\/wp-content\/uploads\/2022\/11\/grand-pont.png\" class=\"attachment-large size-large wp-image-720\" alt=\"\" srcset=\"https:\/\/www.leschatougoulis.com\/wp-content\/uploads\/2022\/11\/grand-pont.png 470w, https:\/\/www.leschatougoulis.com\/wp-content\/uploads\/2022\/11\/grand-pont-159x300.png 159w\" sizes=\"100vw\" \/>\t\t\t\t\t\t\t\t\t\t\t\t\t\t\t<\/div>\n\t\t\t\t<\/div>\n\t\t\t\t\t<\/div>\n\t\t<\/div>\n\t\t\t\t\t<\/div>\n\t\t<\/section>\n\t\t\t\t<section class=\"elementor-section elementor-top-section elementor-element elementor-element-547c7c2 elementor-section-boxed elementor-section-height-default elementor-section-height-default\" data-id=\"547c7c2\" data-element_type=\"section\">\n\t\t\t\t\t\t<div class=\"elementor-container elementor-column-gap-default\">\n\t\t\t\t\t<div class=\"elementor-column elementor-col-100 elementor-top-column elementor-element elementor-element-7cf9914\" data-id=\"7cf9914\" data-element_type=\"column\">\n\t\t\t<div class=\"elementor-widget-wrap elementor-element-populated\">\n\t\t\t\t\t\t<div class=\"elementor-element elementor-element-df3abcf elementor-widget elementor-widget-spacer\" data-id=\"df3abcf\" data-element_type=\"widget\" data-widget_type=\"spacer.default\">\n\t\t\t\t<div class=\"elementor-widget-container\">\n\t\t\t\t\t\t\t<div class=\"elementor-spacer\">\n\t\t\t<div class=\"elementor-spacer-inner\"><\/div>\n\t\t<\/div>\n\t\t\t\t\t\t<\/div>\n\t\t\t\t<\/div>\n\t\t\t\t\t<\/div>\n\t\t<\/div>\n\t\t\t\t\t<\/div>\n\t\t<\/section>\n\t\t\t\t<\/div>\n\t\t","protected":false},"excerpt":{"rendered":"<p>Ourjout09800 Bordes Uchentein Dans le Couserans, un bassin de vie compos\u00e9 de 18 vall\u00e9es convergeant vers Saint Girons et son incontournable march\u00e9 du samedi matin, plus pr\u00e9cis\u00e9ment dans la vall\u00e9e du Lez, juste apr\u00e8s Castillon-en-Couserans avec toutes les commodit\u00e9s, la maison se situe \u00e0 la crois\u00e9e des vall\u00e9es de Bethmale et du Biros, et non &hellip; <\/p>\n<p class=\"link-more\"><a href=\"https:\/\/www.leschatougoulis.com\/index.php\/acces\/\" class=\"more-link\">Lire la suite de<span class=\"screen-reader-text\">\u00ab\u00a0Acc\u00e8s\u00a0\u00bb<\/span><\/a><\/p>\n","protected":false},"author":1,"featured_media":0,"parent":0,"menu_order":0,"comment_status":"closed","ping_status":"closed","template":"","meta":{"footnotes":""},"class_list":["post-33","page","type-page","status-publish","hentry"],"featured_media_urls":[],"_links":{"self":[{"href":"https:\/\/www.leschatougoulis.com\/index.php\/wp-json\/wp\/v2\/pages\/33","targetHints":{"allow":["GET"]}}],"collection":[{"href":"https:\/\/www.leschatougoulis.com\/index.php\/wp-json\/wp\/v2\/pages"}],"about":[{"href":"https:\/\/www.leschatougoulis.com\/index.php\/wp-json\/wp\/v2\/types\/page"}],"author":[{"embeddable":true,"href":"https:\/\/www.leschatougoulis.com\/index.php\/wp-json\/wp\/v2\/users\/1"}],"replies":[{"embeddable":true,"href":"https:\/\/www.leschatougoulis.com\/index.php\/wp-json\/wp\/v2\/comments?post=33"}],"version-history":[{"count":37,"href":"https:\/\/www.leschatougoulis.com\/index.php\/wp-json\/wp\/v2\/pages\/33\/revisions"}],"predecessor-version":[{"id":928,"href":"https:\/\/www.leschatougoulis.com\/index.php\/wp-json\/wp\/v2\/pages\/33\/revisions\/928"}],"wp:attachment":[{"href":"https:\/\/www.leschatougoulis.com\/index.php\/wp-json\/wp\/v2\/media?parent=33"}],"curies":[{"name":"wp","href":"https:\/\/api.w.org\/{rel}","templated":true}]}}