{"id":338,"date":"2022-03-13T12:46:48","date_gmt":"2022-03-13T11:46:48","guid":{"rendered":"http:\/\/leschatougoulis.com\/?page_id=338"},"modified":"2022-11-22T06:35:27","modified_gmt":"2022-11-22T05:35:27","slug":"les-chambres","status":"publish","type":"page","link":"https:\/\/www.leschatougoulis.com\/index.php\/les-chambres\/","title":{"rendered":""},"content":{"rendered":"\n<div class=\"wp-block-group alignfull has-background\" style=\"background-color:#f8f4e4\"><div class=\"wp-block-group__inner-container is-layout-flow wp-block-group-is-layout-flow\">\n<div style=\"height:100px\" aria-hidden=\"true\" class=\"wp-block-spacer\"><\/div>\n\n\n\n<p class=\"has-text-color has-large-font-size\" style=\"color:#000000;line-height:1.1\"><strong>Des chambres spacieuses et confortables<\/strong><\/p>\n\n\n\n<p class=\"has-medium-font-size\"><strong>avec une pointe d&rsquo;exotisme !<\/strong><\/p>\n\n\n\n<div style=\"height:100px\" aria-hidden=\"true\" class=\"wp-block-spacer\"><\/div>\n\n\n\n<div class=\"wp-block-columns alignwide is-layout-flex wp-container-core-columns-is-layout-9d6595d7 wp-block-columns-is-layout-flex\">\n<div class=\"wp-block-column is-vertically-aligned-center is-layout-flow wp-block-column-is-layout-flow\" style=\"flex-basis:33.38%\">\n<h2 class=\"wp-block-heading\">Suite (5 personnes)<\/h2>\n\n\n\n<p>Chambre avec vue sur les montagnes enneig\u00e9es et d\u00e9coration d&rsquo;inspiration indienne. Elle poss\u00e8de un grand lit double et un lit simple s\u00e9par\u00e9 par un rideau. Le salon privatif, au d\u00e9cor africain, poss\u00e8de un canap\u00e9 banquette d\u00e9pliable en lit 160, et donne acc\u00e8s \u00e0 un petit balcon avec vue sur le jardin, le hameau et la montagne. Salle de bain privative avec double douche \u00e0 l&rsquo;italienne et baignoire d&rsquo;angle.<\/p>\n\n\n\n<p>Attention, l&rsquo;escalier d&rsquo;acc\u00e8s \u00e0 la chambre est un peu raide, comme vous pouvez le voir sur la photo ci-dessous.<\/p>\n\n\n\n<div class=\"wp-block-buttons is-content-justification-center is-layout-flex wp-container-core-buttons-is-layout-16018d1d wp-block-buttons-is-layout-flex\">\n<div class=\"wp-block-button\"><a class=\"wp-block-button__link wp-element-button\" href=\"http:\/\/leschatougoulis.com\/index.php\/suite-5-personnes\/\">Voir plus&#8230;<\/a><\/div>\n<\/div>\n<\/div>\n\n\n\n<div class=\"wp-block-column is-layout-flow wp-block-column-is-layout-flow\" style=\"flex-basis:25%\">\n<div style=\"height:62px\" aria-hidden=\"true\" class=\"wp-block-spacer\"><\/div>\n\n\n\n<figure class=\"wp-block-image size-large is-style-rounded\"><img fetchpriority=\"high\" decoding=\"async\" width=\"678\" height=\"1024\" src=\"https:\/\/www.leschatougoulis.com\/wp-content\/uploads\/2022\/03\/DSC4347-678x1024.jpg\" alt=\"\" class=\"wp-image-440\" srcset=\"https:\/\/www.leschatougoulis.com\/wp-content\/uploads\/2022\/03\/DSC4347-678x1024.jpg 678w, https:\/\/www.leschatougoulis.com\/wp-content\/uploads\/2022\/03\/DSC4347-199x300.jpg 199w, https:\/\/www.leschatougoulis.com\/wp-content\/uploads\/2022\/03\/DSC4347-768x1160.jpg 768w, https:\/\/www.leschatougoulis.com\/wp-content\/uploads\/2022\/03\/DSC4347-1017x1536.jpg 1017w, https:\/\/www.leschatougoulis.com\/wp-content\/uploads\/2022\/03\/DSC4347-1356x2048.jpg 1356w, https:\/\/www.leschatougoulis.com\/wp-content\/uploads\/2022\/03\/DSC4347-2000x3020.jpg 2000w, https:\/\/www.leschatougoulis.com\/wp-content\/uploads\/2022\/03\/DSC4347-scaled.jpg 1696w\" sizes=\"(max-width: 678px) 100vw, 678px\" \/><\/figure>\n<\/div>\n\n\n\n<div class=\"wp-block-column is-layout-flow wp-block-column-is-layout-flow\" style=\"flex-basis:33.62%\">\n<figure class=\"wp-block-image alignwide size-large is-style-rounded\"><img decoding=\"async\" width=\"1024\" height=\"768\" src=\"https:\/\/www.leschatougoulis.com\/wp-content\/uploads\/2022\/11\/IMG20220703134806-1024x768.jpg\" alt=\"\" class=\"wp-image-653\" srcset=\"https:\/\/www.leschatougoulis.com\/wp-content\/uploads\/2022\/11\/IMG20220703134806-1024x768.jpg 1024w, https:\/\/www.leschatougoulis.com\/wp-content\/uploads\/2022\/11\/IMG20220703134806-300x225.jpg 300w, https:\/\/www.leschatougoulis.com\/wp-content\/uploads\/2022\/11\/IMG20220703134806-768x576.jpg 768w, https:\/\/www.leschatougoulis.com\/wp-content\/uploads\/2022\/11\/IMG20220703134806-1536x1152.jpg 1536w, https:\/\/www.leschatougoulis.com\/wp-content\/uploads\/2022\/11\/IMG20220703134806-2048x1536.jpg 2048w, https:\/\/www.leschatougoulis.com\/wp-content\/uploads\/2022\/11\/IMG20220703134806-2000x1500.jpg 2000w, https:\/\/www.leschatougoulis.com\/wp-content\/uploads\/2022\/11\/IMG20220703134806-600x450.jpg 600w\" sizes=\"(max-width: 1024px) 100vw, 1024px\" \/><\/figure>\n\n\n\n<figure class=\"wp-block-image alignwide size-large is-style-rounded\"><img decoding=\"async\" width=\"1024\" height=\"618\" src=\"https:\/\/www.leschatougoulis.com\/wp-content\/uploads\/2022\/03\/20220315_140644-1024x618.jpg\" alt=\"\" class=\"wp-image-415\" srcset=\"https:\/\/www.leschatougoulis.com\/wp-content\/uploads\/2022\/03\/20220315_140644-1024x618.jpg 1024w, https:\/\/www.leschatougoulis.com\/wp-content\/uploads\/2022\/03\/20220315_140644-300x181.jpg 300w, https:\/\/www.leschatougoulis.com\/wp-content\/uploads\/2022\/03\/20220315_140644-768x463.jpg 768w, https:\/\/www.leschatougoulis.com\/wp-content\/uploads\/2022\/03\/20220315_140644-1536x926.jpg 1536w, https:\/\/www.leschatougoulis.com\/wp-content\/uploads\/2022\/03\/20220315_140644-2000x1206.jpg 2000w, https:\/\/www.leschatougoulis.com\/wp-content\/uploads\/2022\/03\/20220315_140644-rotated.jpg 2016w\" sizes=\"(max-width: 1024px) 100vw, 1024px\" \/><\/figure>\n<\/div>\n<\/div>\n\n\n\n<div style=\"height:100px\" aria-hidden=\"true\" class=\"wp-block-spacer\"><\/div>\n\n\n\n<h2 class=\"wp-block-heading\">Chambre Kyoto (3 personnes)<\/h2>\n\n\n\n<p>Chambre d\u00e9cor\u00e9e d&rsquo;inspiration japonaise. Elle poss\u00e8de un grand lit double ainsi qu&rsquo;un coin bureau  avec un lit simple, et une belle salle de bain privative.<\/p>\n\n\n\n<div class=\"wp-block-columns is-layout-flex wp-container-core-columns-is-layout-9d6595d7 wp-block-columns-is-layout-flex\">\n<div class=\"wp-block-column is-layout-flow wp-block-column-is-layout-flow\">\n<figure class=\"wp-block-image size-large is-style-rounded\"><img loading=\"lazy\" decoding=\"async\" width=\"1024\" height=\"375\" src=\"https:\/\/www.leschatougoulis.com\/wp-content\/uploads\/2022\/03\/20220315_132025-1024x375.jpg\" alt=\"\" class=\"wp-image-411\" srcset=\"https:\/\/www.leschatougoulis.com\/wp-content\/uploads\/2022\/03\/20220315_132025-1024x375.jpg 1024w, https:\/\/www.leschatougoulis.com\/wp-content\/uploads\/2022\/03\/20220315_132025-300x110.jpg 300w, https:\/\/www.leschatougoulis.com\/wp-content\/uploads\/2022\/03\/20220315_132025-768x281.jpg 768w, https:\/\/www.leschatougoulis.com\/wp-content\/uploads\/2022\/03\/20220315_132025-1536x563.jpg 1536w, https:\/\/www.leschatougoulis.com\/wp-content\/uploads\/2022\/03\/20220315_132025-2048x750.jpg 2048w, https:\/\/www.leschatougoulis.com\/wp-content\/uploads\/2022\/03\/20220315_132025-2000x733.jpg 2000w\" sizes=\"(max-width: 1024px) 100vw, 1024px\" \/><\/figure>\n<\/div>\n\n\n\n<div class=\"wp-block-column is-layout-flow wp-block-column-is-layout-flow\">\n<div class=\"wp-block-columns is-layout-flex wp-container-core-columns-is-layout-9d6595d7 wp-block-columns-is-layout-flex\">\n<div class=\"wp-block-column is-layout-flow wp-block-column-is-layout-flow\">\n<figure class=\"wp-block-image size-large is-style-rounded\"><img loading=\"lazy\" decoding=\"async\" width=\"1024\" height=\"837\" src=\"https:\/\/www.leschatougoulis.com\/wp-content\/uploads\/2022\/03\/DSC4332-1024x837.jpg\" alt=\"\" class=\"wp-image-455\" srcset=\"https:\/\/www.leschatougoulis.com\/wp-content\/uploads\/2022\/03\/DSC4332-1024x837.jpg 1024w, https:\/\/www.leschatougoulis.com\/wp-content\/uploads\/2022\/03\/DSC4332-300x245.jpg 300w, https:\/\/www.leschatougoulis.com\/wp-content\/uploads\/2022\/03\/DSC4332-768x628.jpg 768w, https:\/\/www.leschatougoulis.com\/wp-content\/uploads\/2022\/03\/DSC4332-1536x1256.jpg 1536w, https:\/\/www.leschatougoulis.com\/wp-content\/uploads\/2022\/03\/DSC4332-2048x1674.jpg 2048w, https:\/\/www.leschatougoulis.com\/wp-content\/uploads\/2022\/03\/DSC4332-2000x1635.jpg 2000w\" sizes=\"(max-width: 1024px) 100vw, 1024px\" \/><\/figure>\n<\/div>\n\n\n\n<div class=\"wp-block-column is-layout-flow wp-block-column-is-layout-flow\">\n<div style=\"height:58px\" aria-hidden=\"true\" class=\"wp-block-spacer\"><\/div>\n\n\n\n<div class=\"wp-block-buttons is-content-justification-center is-layout-flex wp-container-core-buttons-is-layout-16018d1d wp-block-buttons-is-layout-flex\">\n<div class=\"wp-block-button\"><a class=\"wp-block-button__link wp-element-button\" href=\"http:\/\/leschatougoulis.com\/index.php\/chambre-kyoto\/\">Voir plus&#8230;<\/a><\/div>\n<\/div>\n<\/div>\n<\/div>\n<\/div>\n<\/div>\n\n\n\n<div style=\"height:100px\" aria-hidden=\"true\" class=\"wp-block-spacer\"><\/div>\n<\/div><\/div>\n","protected":false},"excerpt":{"rendered":"<p>Des chambres spacieuses et confortables avec une pointe d&rsquo;exotisme ! Suite (5 personnes) Chambre Kyoto (3 personnes)<\/p>\n","protected":false},"author":1,"featured_media":0,"parent":0,"menu_order":0,"comment_status":"closed","ping_status":"closed","template":"","meta":{"footnotes":""},"class_list":["post-338","page","type-page","status-publish","hentry"],"featured_media_urls":[],"_links":{"self":[{"href":"https:\/\/www.leschatougoulis.com\/index.php\/wp-json\/wp\/v2\/pages\/338","targetHints":{"allow":["GET"]}}],"collection":[{"href":"https:\/\/www.leschatougoulis.com\/index.php\/wp-json\/wp\/v2\/pages"}],"about":[{"href":"https:\/\/www.leschatougoulis.com\/index.php\/wp-json\/wp\/v2\/types\/page"}],"author":[{"embeddable":true,"href":"https:\/\/www.leschatougoulis.com\/index.php\/wp-json\/wp\/v2\/users\/1"}],"replies":[{"embeddable":true,"href":"https:\/\/www.leschatougoulis.com\/index.php\/wp-json\/wp\/v2\/comments?post=338"}],"version-history":[{"count":24,"href":"https:\/\/www.leschatougoulis.com\/index.php\/wp-json\/wp\/v2\/pages\/338\/revisions"}],"predecessor-version":[{"id":668,"href":"https:\/\/www.leschatougoulis.com\/index.php\/wp-json\/wp\/v2\/pages\/338\/revisions\/668"}],"wp:attachment":[{"href":"https:\/\/www.leschatougoulis.com\/index.php\/wp-json\/wp\/v2\/media?parent=338"}],"curies":[{"name":"wp","href":"https:\/\/api.w.org\/{rel}","templated":true}]}}