{"id":776,"date":"2023-04-03T10:50:56","date_gmt":"2023-04-03T08:50:56","guid":{"rendered":"https:\/\/www.leschatougoulis.com\/?page_id=776"},"modified":"2024-02-28T09:02:19","modified_gmt":"2024-02-28T08:02:19","slug":"activites","status":"publish","type":"page","link":"https:\/\/www.leschatougoulis.com\/index.php\/activites\/","title":{"rendered":""},"content":{"rendered":"\n<div class=\"wp-block-cover alignfull is-light has-parallax is-position-center-center\" style=\"min-height:375px;aspect-ratio:unset;\"><span aria-hidden=\"true\" class=\"wp-block-cover__background has-black-background-color has-background-dim-20 has-background-dim\"><\/span><div role=\"img\" class=\"wp-block-cover__image-background wp-image-794 has-parallax\" style=\"background-position:50% 50%;background-image:url(https:\/\/www.leschatougoulis.com\/wp-content\/uploads\/2023\/04\/fenetre-titounette-montagne.jpg)\"><\/div><div class=\"wp-block-cover__inner-container is-layout-flow wp-block-cover-is-layout-flow\">\n<p class=\"has-text-align-center has-text-color has-huge-font-size\" style=\"color:#fffffa;line-height:1.1\"><strong>Vos vacances aux Chatougoulis<\/strong><\/p>\n\n\n\n<h3 class=\"wp-block-heading has-text-align-center has-white-color has-text-color\">Venez vivre un moment de d\u00e9paysement in\u00e9galable dans le Couserans !<\/h3>\n\n\n\n<div style=\"height:16px\" aria-hidden=\"true\" class=\"wp-block-spacer\"><\/div>\n\n\n\n<p class=\"has-text-align-center has-white-color has-text-color\">Que vous aimiez randonner ou juste balader, visiter des villages pittoresques, monter des cols \u00e0 v\u00e9lo, d\u00e9ambuler dans l&rsquo;ambiance des march\u00e9s, vous r\u00e9galer de produits locaux, vous trouverez de quoi vous r\u00e9galer dans le coin. Sans parler du parapente, du kayak, du ski ou des raquettes !<br>A la maison les vacances continuent : piscine, terrain de p\u00e9tanque, mat\u00e9riel de badminton, table de ping pong, fl\u00e9chettes, jeux de soci\u00e9t\u00e9 \u00e0 disposition, ap\u00e9ros sur la terrasse, tout pour passer de bons moments en famille ou entre amis.<\/p>\n\n\n\n<p class=\"has-text-align-center has-white-color has-text-color\"><\/p>\n<\/div><\/div>\n\n\n\n<div class=\"wp-block-group alignfull has-background\" style=\"background-color:#e5e9ec\"><div class=\"wp-block-group__inner-container is-layout-flow wp-block-group-is-layout-flow\">\n<h1 class=\"wp-block-heading has-text-align-center\">La Montagne<\/h1>\n\n\n\n<p class=\"has-text-align-center\"><a href=\"https:\/\/www.leschatougoulis.com\/index.php\/alentours\/\">(voir plus&#8230;)<\/a><\/p>\n\n\n\n<p class=\"has-text-align-center\">Nous nous ferons un plaisir de vous renseigner et vous conseiller pour des id\u00e9es de choses \u00e0 faire alentours adapt\u00e9es \u00e0 vos envies.<\/p>\n\n\n\n<div class=\"wp-block-columns is-layout-flex wp-container-core-columns-is-layout-9d6595d7 wp-block-columns-is-layout-flex\">\n<div class=\"wp-block-column is-vertically-aligned-center is-layout-flow wp-block-column-is-layout-flow\">\n<h2 class=\"wp-block-heading\">La Randonn\u00e9e<\/h2>\n\n\n\n<p>C&rsquo;est le paradis de la randonn\u00e9e. Nous adorons d\u00e9couvrir ces paysages montagnards sublimes et ferons notre possible pour vous transmettre cette passion et vous indiquer toutes les possibilit\u00e9s qui s&rsquo;offrent \u00e0 vous dans ce territoire qui regorge de chemins en tous genres. Longer des torrents de montagne, balader en balcon avec vue sur la cha\u00eene, gravir de hauts sommets, d\u00e9couvrir vall\u00e9es, for\u00eats, cr\u00eates&#8230; la montagne dans toute sa splendeur !<\/p>\n\n\n\n<figure class=\"wp-block-image size-large\"><img fetchpriority=\"high\" decoding=\"async\" width=\"1800\" height=\"1013\" src=\"https:\/\/www.leschatougoulis.com\/wp-content\/uploads\/2023\/04\/gr10bis-edited.jpg\" alt=\"\" class=\"wp-image-823\" srcset=\"https:\/\/www.leschatougoulis.com\/wp-content\/uploads\/2023\/04\/gr10bis-edited.jpg 1800w, https:\/\/www.leschatougoulis.com\/wp-content\/uploads\/2023\/04\/gr10bis-edited-300x169.jpg 300w, https:\/\/www.leschatougoulis.com\/wp-content\/uploads\/2023\/04\/gr10bis-edited-1024x576.jpg 1024w, https:\/\/www.leschatougoulis.com\/wp-content\/uploads\/2023\/04\/gr10bis-edited-768x432.jpg 768w, https:\/\/www.leschatougoulis.com\/wp-content\/uploads\/2023\/04\/gr10bis-edited-1536x864.jpg 1536w, https:\/\/www.leschatougoulis.com\/wp-content\/uploads\/2023\/04\/gr10bis-edited-600x338.jpg 600w\" sizes=\"(max-width: 1800px) 100vw, 1800px\" \/><\/figure>\n\n\n\n<h2 class=\"wp-block-heading\">Etape sur la travers\u00e9e des Pyr\u00e9n\u00e9es<\/h2>\n\n\n\n<p>Que vous traversiez les Pyr\u00e9n\u00e9es \u00e0 pied, \u00e0 v\u00e9lo, en moto ou encore en voiture, la maison est id\u00e9alement situ\u00e9e, \u00e0 300m du GR10E et de la route des cols ! Une \u00e9tape confortable et pittoresque sur votre route !<\/p>\n<\/div>\n\n\n\n<div class=\"wp-block-column is-layout-flow wp-block-column-is-layout-flow\">\n<h2 class=\"wp-block-heading\">Les villages pittoresques<\/h2>\n\n\n\n<p>Ces trois vall\u00e9es abritent de pittoresques villages en pierre et ardoises qui font l&rsquo;authenticit\u00e9 du territoire et vous plongent dans son histoire.<\/p>\n\n\n\n<figure class=\"wp-block-image size-large\"><img decoding=\"async\" width=\"1024\" height=\"576\" src=\"https:\/\/www.leschatougoulis.com\/wp-content\/uploads\/2023\/04\/granges-arrout-edited-1024x576.jpg\" alt=\"\" class=\"wp-image-817\" srcset=\"https:\/\/www.leschatougoulis.com\/wp-content\/uploads\/2023\/04\/granges-arrout-edited-1024x576.jpg 1024w, https:\/\/www.leschatougoulis.com\/wp-content\/uploads\/2023\/04\/granges-arrout-edited-300x169.jpg 300w, https:\/\/www.leschatougoulis.com\/wp-content\/uploads\/2023\/04\/granges-arrout-edited-768x432.jpg 768w, https:\/\/www.leschatougoulis.com\/wp-content\/uploads\/2023\/04\/granges-arrout-edited-1536x864.jpg 1536w, https:\/\/www.leschatougoulis.com\/wp-content\/uploads\/2023\/04\/granges-arrout-edited-600x338.jpg 600w, https:\/\/www.leschatougoulis.com\/wp-content\/uploads\/2023\/04\/granges-arrout-edited.jpg 1800w\" sizes=\"(max-width: 1024px) 100vw, 1024px\" \/><\/figure>\n\n\n\n<h2 class=\"wp-block-heading\">Le V\u00e9lo<\/h2>\n\n\n\n<p>Pour les plus cyclistes d&rsquo;entre vous, le coin regorge de cols r\u00e9guli\u00e8rement emprunt\u00e9s par le tour de France. La maison est au pied des cols de la Core de du Portet d&rsquo;Aspet, et proche de nombreux autres.<\/p>\n\n\n\n<p>Le coin offre aussi des possibilit\u00e9 pour du v\u00e9lo plus loisir, avec la possibilit\u00e9 de se rendre \u00e0 Castillon ou de visiter la vall\u00e9e du Rib\u00e9rot \u00e0 c\u00f4t\u00e9 avec des routes \u00ab\u00a0relativement\u00a0\u00bb plates.<\/p>\n<\/div>\n<\/div>\n\n\n\n<h2 class=\"wp-block-heading\">Et autres activit\u00e9s montagnardes<\/h2>\n\n\n\n<p>Parapente \u00e0 Moulis, station 4 saisons \u00e0 Guzet et sa luge d&rsquo;\u00e9t\u00e9 remarquable, ski au Mourtis, kayak sur le Salat, d\u00e9couverte des plantes sauvages et plein d&rsquo;autres !<\/p>\n<\/div><\/div>\n\n\n\n<p><\/p>\n\n\n\n<div class=\"wp-block-group alignfull has-black-background-color has-background\"><div class=\"wp-block-group__inner-container is-layout-flow wp-block-group-is-layout-flow\">\n<h2 class=\"wp-block-heading has-text-align-center has-white-color has-text-color\"><strong>Les alentours<\/strong><\/h2>\n\n\n\n<p class=\"has-text-align-center has-white-color has-text-color\"><a href=\"https:\/\/www.leschatougoulis.com\/index.php\/alentours\/\">(voir plus)<\/a><\/p>\n\n\n\n<figure class=\"wp-block-gallery aligncenter has-nested-images columns-default is-cropped wp-block-gallery-1 is-layout-flex wp-block-gallery-is-layout-flex\">\n<figure class=\"wp-block-image size-large\"><img decoding=\"async\" width=\"1024\" height=\"768\" data-id=\"697\" src=\"https:\/\/www.leschatougoulis.com\/wp-content\/uploads\/2022\/11\/IMG20221020141742-1024x768.jpg\" alt=\"\" class=\"wp-image-697\" srcset=\"https:\/\/www.leschatougoulis.com\/wp-content\/uploads\/2022\/11\/IMG20221020141742-1024x768.jpg 1024w, https:\/\/www.leschatougoulis.com\/wp-content\/uploads\/2022\/11\/IMG20221020141742-300x225.jpg 300w, https:\/\/www.leschatougoulis.com\/wp-content\/uploads\/2022\/11\/IMG20221020141742-768x576.jpg 768w, https:\/\/www.leschatougoulis.com\/wp-content\/uploads\/2022\/11\/IMG20221020141742-1536x1152.jpg 1536w, https:\/\/www.leschatougoulis.com\/wp-content\/uploads\/2022\/11\/IMG20221020141742-2048x1536.jpg 2048w, https:\/\/www.leschatougoulis.com\/wp-content\/uploads\/2022\/11\/IMG20221020141742-2000x1500.jpg 2000w, https:\/\/www.leschatougoulis.com\/wp-content\/uploads\/2022\/11\/IMG20221020141742-600x450.jpg 600w\" sizes=\"(max-width: 1024px) 100vw, 1024px\" \/><figcaption class=\"wp-element-caption\">Vue sur la vall\u00e9e de Bethmale 200m au dessus de la maison<\/figcaption><\/figure>\n\n\n\n<figure class=\"wp-block-image size-large\"><img loading=\"lazy\" decoding=\"async\" width=\"768\" height=\"1024\" data-id=\"685\" src=\"https:\/\/www.leschatougoulis.com\/wp-content\/uploads\/2022\/11\/IMG20220629121107-768x1024.jpg\" alt=\"\" class=\"wp-image-685\" srcset=\"https:\/\/www.leschatougoulis.com\/wp-content\/uploads\/2022\/11\/IMG20220629121107-768x1024.jpg 768w, https:\/\/www.leschatougoulis.com\/wp-content\/uploads\/2022\/11\/IMG20220629121107-225x300.jpg 225w, https:\/\/www.leschatougoulis.com\/wp-content\/uploads\/2022\/11\/IMG20220629121107-1152x1536.jpg 1152w, https:\/\/www.leschatougoulis.com\/wp-content\/uploads\/2022\/11\/IMG20220629121107-1536x2048.jpg 1536w, https:\/\/www.leschatougoulis.com\/wp-content\/uploads\/2022\/11\/IMG20220629121107-2000x2667.jpg 2000w, https:\/\/www.leschatougoulis.com\/wp-content\/uploads\/2022\/11\/IMG20220629121107-600x800.jpg 600w, https:\/\/www.leschatougoulis.com\/wp-content\/uploads\/2022\/11\/IMG20220629121107-scaled.jpg 1920w\" sizes=\"(max-width: 768px) 100vw, 768px\" \/><figcaption class=\"wp-element-caption\">Le fameux Lac de Bethmale et ses superbes couleurs, \u00e0 15 min de la maison<\/figcaption><\/figure>\n\n\n\n<figure class=\"wp-block-image size-large\"><img loading=\"lazy\" decoding=\"async\" width=\"768\" height=\"1024\" data-id=\"792\" src=\"https:\/\/www.leschatougoulis.com\/wp-content\/uploads\/2023\/04\/couleurs-automne-768x1024.jpg\" alt=\"\" class=\"wp-image-792\" srcset=\"https:\/\/www.leschatougoulis.com\/wp-content\/uploads\/2023\/04\/couleurs-automne-768x1024.jpg 768w, https:\/\/www.leschatougoulis.com\/wp-content\/uploads\/2023\/04\/couleurs-automne-225x300.jpg 225w, https:\/\/www.leschatougoulis.com\/wp-content\/uploads\/2023\/04\/couleurs-automne-1152x1536.jpg 1152w, https:\/\/www.leschatougoulis.com\/wp-content\/uploads\/2023\/04\/couleurs-automne-600x800.jpg 600w, https:\/\/www.leschatougoulis.com\/wp-content\/uploads\/2023\/04\/couleurs-automne.jpg 1350w\" sizes=\"(max-width: 768px) 100vw, 768px\" \/><figcaption class=\"wp-element-caption\">Les couleurs \u00e0 l&rsquo;automne deviennent chatoyantes (vall\u00e9e de l&rsquo;Isard)<\/figcaption><\/figure>\n<\/figure>\n<\/div><\/div>\n\n\n\n<div style=\"height:55px\" aria-hidden=\"true\" class=\"wp-block-spacer\"><\/div>\n\n\n\n<div class=\"wp-block-group alignfull\"><div class=\"wp-block-group__inner-container is-layout-flow wp-block-group-is-layout-flow\">\n<h1 class=\"wp-block-heading has-text-align-center\">Farniente \u00e0 la maison<\/h1>\n\n\n\n<p class=\"has-text-align-center has-black-color has-text-color\"><a href=\"https:\/\/www.leschatougoulis.com\/index.php\/la-maison\/\">(voir plus)<\/a><\/p>\n\n\n\n<div class=\"wp-block-columns are-vertically-aligned-center is-layout-flex wp-container-core-columns-is-layout-9d6595d7 wp-block-columns-is-layout-flex\">\n<div class=\"wp-block-column is-vertically-aligned-center is-layout-flow wp-block-column-is-layout-flow\">\n<div style=\"height:48px\" aria-hidden=\"true\" class=\"wp-block-spacer\"><\/div>\n\n\n\n<figure class=\"wp-block-image size-large\"><img loading=\"lazy\" decoding=\"async\" width=\"768\" height=\"1024\" src=\"https:\/\/www.leschatougoulis.com\/wp-content\/uploads\/2022\/11\/IMG20220703134603-768x1024.jpg\" alt=\"\" class=\"wp-image-658\" srcset=\"https:\/\/www.leschatougoulis.com\/wp-content\/uploads\/2022\/11\/IMG20220703134603-768x1024.jpg 768w, https:\/\/www.leschatougoulis.com\/wp-content\/uploads\/2022\/11\/IMG20220703134603-225x300.jpg 225w, https:\/\/www.leschatougoulis.com\/wp-content\/uploads\/2022\/11\/IMG20220703134603-1152x1536.jpg 1152w, https:\/\/www.leschatougoulis.com\/wp-content\/uploads\/2022\/11\/IMG20220703134603-1536x2048.jpg 1536w, https:\/\/www.leschatougoulis.com\/wp-content\/uploads\/2022\/11\/IMG20220703134603-2000x2667.jpg 2000w, https:\/\/www.leschatougoulis.com\/wp-content\/uploads\/2022\/11\/IMG20220703134603-600x800.jpg 600w, https:\/\/www.leschatougoulis.com\/wp-content\/uploads\/2022\/11\/IMG20220703134603-scaled.jpg 1920w\" sizes=\"(max-width: 768px) 100vw, 768px\" \/><\/figure>\n<\/div>\n\n\n\n<div class=\"wp-block-column is-vertically-aligned-center is-layout-flow wp-block-column-is-layout-flow\">\n<h2 class=\"wp-block-heading\">La maison<\/h2>\n\n\n\n<p>La maison poss\u00e8de une grande terrasse et une piscine orient\u00e9es plein sud, avec un barbecue en pierre et des transats \u00e0 disposition. Vous trouverez dans le jardin une petite piscine (2x3m, non chauff\u00e9e, ouverte \u00e0 partir de mai-juin selon la m\u00e9t\u00e9o), id\u00e9ale pour se d\u00e9tendre apr\u00e8s l&rsquo;effort, prendre l&rsquo;ap\u00e9ro, ou se rafra\u00eechir lors d&rsquo;une chaude journ\u00e9e d&rsquo;\u00e9t\u00e9. A c\u00f4t\u00e9 un terrain en graviers o\u00f9 peuvent se d\u00e9rouler parties endiabl\u00e9es de p\u00e9tanque, ping pong, badminton, molkky, fl\u00e9chettes\u2026 (mat\u00e9riel \u00e0 disposition)<\/p>\n\n\n\n<p>Nous poss\u00e9dons trois adorables chats, et les amoureux des f\u00e9lins seront combl\u00e9s avec les chats du quartier.<\/p>\n\n\n\n<h2 class=\"wp-block-heading\">Le village<\/h2>\n\n\n\n<p>La maison se situe dans le bourg m\u00e9di\u00e9val d\u2019Ourjout, avec son \u00e9glise du XIe-XIIe si\u00e8cle et son pont du XIIIe si\u00e8cle. Le village, Bordes Uchentein, a \u00e9t\u00e9 retenu au concours \u201cMon beau village\u201d dans la cat\u00e9gorie \u201cPatrimoine\u201d. On y trouve 5 \u00e9glises datant du XIe au XVIIIe si\u00e8cle, dont 3 class\u00e9es Monument Historique. <\/p>\n\n\n\n<p>Castillon-en-Couserans, avec toutes les commodit\u00e9s, se trouve \u00e0 2 km.<\/p>\n<\/div>\n<\/div>\n<\/div><\/div>\n\n\n\n<div style=\"height:47px\" aria-hidden=\"true\" class=\"wp-block-spacer\"><\/div>\n\n\n\n<div class=\"wp-block-group alignfull has-black-background-color has-background\"><div class=\"wp-block-group__inner-container is-layout-flow wp-block-group-is-layout-flow\">\n<h2 class=\"wp-block-heading has-text-align-center has-white-color has-text-color\"><strong>Visite des lieux<\/strong> <\/h2>\n\n\n\n<p class=\"has-text-align-center has-white-color has-text-color\"><a href=\"https:\/\/www.leschatougoulis.com\/index.php\/la-maison\/\">(voir plus)<\/a><\/p>\n\n\n\n<figure class=\"wp-block-gallery aligncenter has-nested-images columns-default is-cropped wp-block-gallery-2 is-layout-flex wp-block-gallery-is-layout-flex\">\n<figure class=\"wp-block-image size-large\"><img loading=\"lazy\" decoding=\"async\" width=\"1024\" height=\"768\" data-id=\"661\" src=\"https:\/\/www.leschatougoulis.com\/wp-content\/uploads\/2022\/11\/IMG20220709144450-1024x768.jpg\" alt=\"\" class=\"wp-image-661\" srcset=\"https:\/\/www.leschatougoulis.com\/wp-content\/uploads\/2022\/11\/IMG20220709144450-1024x768.jpg 1024w, https:\/\/www.leschatougoulis.com\/wp-content\/uploads\/2022\/11\/IMG20220709144450-300x225.jpg 300w, https:\/\/www.leschatougoulis.com\/wp-content\/uploads\/2022\/11\/IMG20220709144450-768x576.jpg 768w, https:\/\/www.leschatougoulis.com\/wp-content\/uploads\/2022\/11\/IMG20220709144450-1536x1152.jpg 1536w, https:\/\/www.leschatougoulis.com\/wp-content\/uploads\/2022\/11\/IMG20220709144450-2048x1536.jpg 2048w, https:\/\/www.leschatougoulis.com\/wp-content\/uploads\/2022\/11\/IMG20220709144450-2000x1500.jpg 2000w, https:\/\/www.leschatougoulis.com\/wp-content\/uploads\/2022\/11\/IMG20220709144450-600x450.jpg 600w\" sizes=\"(max-width: 1024px) 100vw, 1024px\" \/><figcaption class=\"wp-element-caption\">La piscine et la terrasse<\/figcaption><\/figure>\n\n\n\n<figure class=\"wp-block-image size-large\"><img loading=\"lazy\" decoding=\"async\" width=\"1024\" height=\"678\" data-id=\"176\" src=\"https:\/\/www.leschatougoulis.com\/wp-content\/uploads\/2022\/03\/DSC4265-1024x678.jpg\" alt=\"\" class=\"wp-image-176\" srcset=\"https:\/\/www.leschatougoulis.com\/wp-content\/uploads\/2022\/03\/DSC4265-1024x678.jpg 1024w, https:\/\/www.leschatougoulis.com\/wp-content\/uploads\/2022\/03\/DSC4265-300x199.jpg 300w, https:\/\/www.leschatougoulis.com\/wp-content\/uploads\/2022\/03\/DSC4265-768x509.jpg 768w, https:\/\/www.leschatougoulis.com\/wp-content\/uploads\/2022\/03\/DSC4265-1536x1017.jpg 1536w, https:\/\/www.leschatougoulis.com\/wp-content\/uploads\/2022\/03\/DSC4265-2048x1356.jpg 2048w, https:\/\/www.leschatougoulis.com\/wp-content\/uploads\/2022\/03\/DSC4265-2000x1325.jpg 2000w\" sizes=\"(max-width: 1024px) 100vw, 1024px\" \/><figcaption class=\"wp-element-caption\">Le po\u00eale dans le salon<\/figcaption><\/figure>\n\n\n\n<figure class=\"wp-block-image size-large\"><img loading=\"lazy\" decoding=\"async\" width=\"1024\" height=\"768\" data-id=\"631\" src=\"https:\/\/www.leschatougoulis.com\/wp-content\/uploads\/2022\/11\/IMG20221022091217-1024x768.jpg\" alt=\"\" class=\"wp-image-631\" srcset=\"https:\/\/www.leschatougoulis.com\/wp-content\/uploads\/2022\/11\/IMG20221022091217-1024x768.jpg 1024w, https:\/\/www.leschatougoulis.com\/wp-content\/uploads\/2022\/11\/IMG20221022091217-300x225.jpg 300w, https:\/\/www.leschatougoulis.com\/wp-content\/uploads\/2022\/11\/IMG20221022091217-768x576.jpg 768w, https:\/\/www.leschatougoulis.com\/wp-content\/uploads\/2022\/11\/IMG20221022091217-1536x1152.jpg 1536w, https:\/\/www.leschatougoulis.com\/wp-content\/uploads\/2022\/11\/IMG20221022091217-2048x1536.jpg 2048w, https:\/\/www.leschatougoulis.com\/wp-content\/uploads\/2022\/11\/IMG20221022091217-2000x1500.jpg 2000w, https:\/\/www.leschatougoulis.com\/wp-content\/uploads\/2022\/11\/IMG20221022091217-600x450.jpg 600w\" sizes=\"(max-width: 1024px) 100vw, 1024px\" \/><figcaption class=\"wp-element-caption\">Le buffet du petit d\u00e9jeuner<\/figcaption><\/figure>\n<\/figure>\n\n\n\n<div style=\"height:45px\" aria-hidden=\"true\" class=\"wp-block-spacer\"><\/div>\n<\/div><\/div>\n\n\n\n<div style=\"height:143px\" aria-hidden=\"true\" class=\"wp-block-spacer\"><\/div>\n\n\n\n<div class=\"wp-block-cover alignfull has-parallax is-position-center-center\" style=\"min-height:375px;aspect-ratio:unset;\"><span aria-hidden=\"true\" class=\"wp-block-cover__background has-black-background-color has-background-dim-40 has-background-dim\"><\/span><div role=\"img\" class=\"wp-block-cover__image-background wp-image-716 has-parallax\" style=\"background-position:50% 50%;background-image:url(https:\/\/www.leschatougoulis.com\/wp-content\/uploads\/2022\/11\/IMG_20201231_123835-scaled.jpg)\"><\/div><div class=\"wp-block-cover__inner-container is-layout-flow wp-block-cover-is-layout-flow\">\n<p class=\"has-text-align-center has-text-color has-huge-font-size\" style=\"color:#fffffa;line-height:1.1\"><strong>La montagne dans toute sa splendeur<\/strong><\/p>\n\n\n\n<div style=\"height:39px\" aria-hidden=\"true\" class=\"wp-block-spacer\"><\/div>\n\n\n\n<div class=\"wp-block-buttons is-horizontal is-content-justification-center is-layout-flex wp-container-core-buttons-is-layout-499968f5 wp-block-buttons-is-layout-flex\">\n<div class=\"wp-block-button is-style-outline is-style-outline--3\"><a class=\"wp-block-button__link has-white-color has-text-color wp-element-button\" href=\"https:\/\/www.leschatougoulis.com\/index.php\/contact\/\" target=\"_blank\" rel=\"noreferrer noopener\">A bient\u00f4t<\/a><\/div>\n<\/div>\n<\/div><\/div>\n\n\n\n<div style=\"height:100px\" aria-hidden=\"true\" class=\"wp-block-spacer\"><\/div>\n","protected":false},"excerpt":{"rendered":"<p>La Montagne (voir plus&#8230;) Nous nous ferons un plaisir de vous renseigner et vous conseiller pour des id\u00e9es de choses \u00e0 faire alentours adapt\u00e9es \u00e0 vos envies. La Randonn\u00e9e C&rsquo;est le paradis de la randonn\u00e9e. Nous adorons d\u00e9couvrir ces paysages montagnards sublimes et ferons notre possible pour vous transmettre cette passion et vous indiquer toutes &hellip; <\/p>\n<p class=\"link-more\"><a href=\"https:\/\/www.leschatougoulis.com\/index.php\/activites\/\" class=\"more-link\">Lire la suite de<span class=\"screen-reader-text\">\u00ab\u00a0\u00a0\u00bb<\/span><\/a><\/p>\n","protected":false},"author":1,"featured_media":0,"parent":0,"menu_order":0,"comment_status":"closed","ping_status":"closed","template":"","meta":{"footnotes":""},"class_list":["post-776","page","type-page","status-publish","hentry"],"featured_media_urls":[],"_links":{"self":[{"href":"https:\/\/www.leschatougoulis.com\/index.php\/wp-json\/wp\/v2\/pages\/776","targetHints":{"allow":["GET"]}}],"collection":[{"href":"https:\/\/www.leschatougoulis.com\/index.php\/wp-json\/wp\/v2\/pages"}],"about":[{"href":"https:\/\/www.leschatougoulis.com\/index.php\/wp-json\/wp\/v2\/types\/page"}],"author":[{"embeddable":true,"href":"https:\/\/www.leschatougoulis.com\/index.php\/wp-json\/wp\/v2\/users\/1"}],"replies":[{"embeddable":true,"href":"https:\/\/www.leschatougoulis.com\/index.php\/wp-json\/wp\/v2\/comments?post=776"}],"version-history":[{"count":30,"href":"https:\/\/www.leschatougoulis.com\/index.php\/wp-json\/wp\/v2\/pages\/776\/revisions"}],"predecessor-version":[{"id":922,"href":"https:\/\/www.leschatougoulis.com\/index.php\/wp-json\/wp\/v2\/pages\/776\/revisions\/922"}],"wp:attachment":[{"href":"https:\/\/www.leschatougoulis.com\/index.php\/wp-json\/wp\/v2\/media?parent=776"}],"curies":[{"name":"wp","href":"https:\/\/api.w.org\/{rel}","templated":true}]}}