{"id":845,"date":"2023-04-10T11:26:49","date_gmt":"2023-04-10T09:26:49","guid":{"rendered":"https:\/\/www.leschatougoulis.com\/?page_id=845"},"modified":"2023-04-10T12:29:58","modified_gmt":"2023-04-10T10:29:58","slug":"nos-produits","status":"publish","type":"page","link":"https:\/\/www.leschatougoulis.com\/index.php\/nos-produits\/","title":{"rendered":"Nos produits"},"content":{"rendered":"\n<p>Nous nous effor\u00e7ons d&rsquo;utiliser des produits bio et\/ou locaux dans la mesure du possible, et du potager au fil des r\u00e9coltes.<\/p>\n\n\n\n<div style=\"height:47px\" aria-hidden=\"true\" class=\"wp-block-spacer\"><\/div>\n\n\n\n<div class=\"wp-block-columns is-layout-flex wp-container-core-columns-is-layout-9d6595d7 wp-block-columns-is-layout-flex\">\n<div class=\"wp-block-column is-layout-flow wp-block-column-is-layout-flow\" style=\"flex-basis:25%\">\n<figure class=\"wp-block-image size-large\"><img fetchpriority=\"high\" decoding=\"async\" width=\"768\" height=\"1024\" src=\"https:\/\/www.leschatougoulis.com\/wp-content\/uploads\/2023\/04\/tobias-768x1024.jpg\" alt=\"\" class=\"wp-image-848\" srcset=\"https:\/\/www.leschatougoulis.com\/wp-content\/uploads\/2023\/04\/tobias-768x1024.jpg 768w, https:\/\/www.leschatougoulis.com\/wp-content\/uploads\/2023\/04\/tobias-225x300.jpg 225w, https:\/\/www.leschatougoulis.com\/wp-content\/uploads\/2023\/04\/tobias-600x800.jpg 600w, https:\/\/www.leschatougoulis.com\/wp-content\/uploads\/2023\/04\/tobias.jpg 960w\" sizes=\"(max-width: 768px) 100vw, 768px\" \/><\/figure>\n\n\n\n<figure class=\"wp-block-image size-full\"><img decoding=\"async\" width=\"1024\" height=\"768\" src=\"https:\/\/www.leschatougoulis.com\/wp-content\/uploads\/2023\/04\/rouze.jpg\" alt=\"\" class=\"wp-image-851\" srcset=\"https:\/\/www.leschatougoulis.com\/wp-content\/uploads\/2023\/04\/rouze.jpg 1024w, https:\/\/www.leschatougoulis.com\/wp-content\/uploads\/2023\/04\/rouze-300x225.jpg 300w, https:\/\/www.leschatougoulis.com\/wp-content\/uploads\/2023\/04\/rouze-768x576.jpg 768w, https:\/\/www.leschatougoulis.com\/wp-content\/uploads\/2023\/04\/rouze-600x450.jpg 600w\" sizes=\"(max-width: 1024px) 100vw, 1024px\" \/><\/figure>\n\n\n\n<figure class=\"wp-block-image size-large\"><img decoding=\"async\" width=\"1024\" height=\"768\" src=\"https:\/\/www.leschatougoulis.com\/wp-content\/uploads\/2022\/06\/WhatsApp-Image-2022-06-21-at-10.52.47-1024x768.jpeg\" alt=\"\" class=\"wp-image-559\" srcset=\"https:\/\/www.leschatougoulis.com\/wp-content\/uploads\/2022\/06\/WhatsApp-Image-2022-06-21-at-10.52.47-1024x768.jpeg 1024w, https:\/\/www.leschatougoulis.com\/wp-content\/uploads\/2022\/06\/WhatsApp-Image-2022-06-21-at-10.52.47-300x225.jpeg 300w, https:\/\/www.leschatougoulis.com\/wp-content\/uploads\/2022\/06\/WhatsApp-Image-2022-06-21-at-10.52.47-768x576.jpeg 768w, https:\/\/www.leschatougoulis.com\/wp-content\/uploads\/2022\/06\/WhatsApp-Image-2022-06-21-at-10.52.47-1536x1152.jpeg 1536w, https:\/\/www.leschatougoulis.com\/wp-content\/uploads\/2022\/06\/WhatsApp-Image-2022-06-21-at-10.52.47-2000x1500.jpeg 2000w, https:\/\/www.leschatougoulis.com\/wp-content\/uploads\/2022\/06\/WhatsApp-Image-2022-06-21-at-10.52.47.jpeg 2048w\" sizes=\"(max-width: 1024px) 100vw, 1024px\" \/><\/figure>\n\n\n\n<figure class=\"wp-block-image size-large\"><img loading=\"lazy\" decoding=\"async\" width=\"1024\" height=\"728\" src=\"https:\/\/www.leschatougoulis.com\/wp-content\/uploads\/2022\/03\/cropped-maison-1024x728.jpg\" alt=\"\" class=\"wp-image-70\" srcset=\"https:\/\/www.leschatougoulis.com\/wp-content\/uploads\/2022\/03\/cropped-maison-1024x728.jpg 1024w, https:\/\/www.leschatougoulis.com\/wp-content\/uploads\/2022\/03\/cropped-maison-300x213.jpg 300w, https:\/\/www.leschatougoulis.com\/wp-content\/uploads\/2022\/03\/cropped-maison-768x546.jpg 768w, https:\/\/www.leschatougoulis.com\/wp-content\/uploads\/2022\/03\/cropped-maison-1536x1092.jpg 1536w, https:\/\/www.leschatougoulis.com\/wp-content\/uploads\/2022\/03\/cropped-maison.jpg 2000w\" sizes=\"(max-width: 1024px) 100vw, 1024px\" \/><\/figure>\n\n\n\n<figure class=\"wp-block-image size-large\"><img loading=\"lazy\" decoding=\"async\" width=\"1024\" height=\"768\" src=\"https:\/\/www.leschatougoulis.com\/wp-content\/uploads\/2023\/04\/echo-des-montagnes-1-1024x768.jpg\" alt=\"\" class=\"wp-image-854\" srcset=\"https:\/\/www.leschatougoulis.com\/wp-content\/uploads\/2023\/04\/echo-des-montagnes-1-1024x768.jpg 1024w, https:\/\/www.leschatougoulis.com\/wp-content\/uploads\/2023\/04\/echo-des-montagnes-1-300x225.jpg 300w, https:\/\/www.leschatougoulis.com\/wp-content\/uploads\/2023\/04\/echo-des-montagnes-1-768x576.jpg 768w, https:\/\/www.leschatougoulis.com\/wp-content\/uploads\/2023\/04\/echo-des-montagnes-1-600x450.jpg 600w, https:\/\/www.leschatougoulis.com\/wp-content\/uploads\/2023\/04\/echo-des-montagnes-1.jpg 1440w\" sizes=\"(max-width: 1024px) 100vw, 1024px\" \/><\/figure>\n\n\n\n<figure class=\"wp-block-image size-full\"><img loading=\"lazy\" decoding=\"async\" width=\"1024\" height=\"1024\" src=\"https:\/\/www.leschatougoulis.com\/wp-content\/uploads\/2023\/04\/milabeille.webp\" alt=\"\" class=\"wp-image-857\" srcset=\"https:\/\/www.leschatougoulis.com\/wp-content\/uploads\/2023\/04\/milabeille.webp 1024w, https:\/\/www.leschatougoulis.com\/wp-content\/uploads\/2023\/04\/milabeille-300x300.webp 300w, https:\/\/www.leschatougoulis.com\/wp-content\/uploads\/2023\/04\/milabeille-150x150.webp 150w, https:\/\/www.leschatougoulis.com\/wp-content\/uploads\/2023\/04\/milabeille-768x768.webp 768w, https:\/\/www.leschatougoulis.com\/wp-content\/uploads\/2023\/04\/milabeille-600x600.webp 600w, https:\/\/www.leschatougoulis.com\/wp-content\/uploads\/2023\/04\/milabeille-800x800.webp 800w\" sizes=\"(max-width: 1024px) 100vw, 1024px\" \/><\/figure>\n<\/div>\n\n\n\n<div class=\"wp-block-column is-layout-flow wp-block-column-is-layout-flow\" style=\"flex-basis:50%\">\n<p>Nous nous faisons livrer du pain au levain bio issu de farines ari\u00e9geoises produit par un fournil dans le petit village d&rsquo;Irazein au fond de la vall\u00e9e. Certifi\u00e9 Nature &amp; Progr\u00e8s ! L&rsquo;approvisionnement est compl\u00e9t\u00e9 par du pain maison ou de la boulangerie de Castillon, d&rsquo;o\u00f9 proviennent les d\u00e9licieux croissants au beurre !<\/p>\n\n\n\n<p>Pour les fromages, vous pourrez d\u00e9guster notamment du c\u00e9l\u00e8bre Bethmale issu de la vall\u00e9e, ainsi que des fromages de ch\u00e8vres bio provenant du village proche d&rsquo;Arrout ou encore de la ferme de Rouze dans la vall\u00e9e d&rsquo;\u00e0 c\u00f4t\u00e9, ainsi que du bleu de brebis fabriqu\u00e9 plus bas dans la vall\u00e9e \u00e0 Moulis. Vous nous en direz des nouvelles !<\/p>\n\n\n\n<p>En fonction des r\u00e9coltes et des saisons, le potager fournira courgettes, tomates, haricots, aubergines, betteraves, oignons, ail, courges, aromatiques, etc. Garanti 100% bio pur compost. Pour le reste des l\u00e9gumes, nous nous fournissons au mara\u00eecher de la vall\u00e9e d&rsquo;\u00e0 c\u00f4t\u00e9 au march\u00e9 de Castillon ou \u00e0 des producteurs au march\u00e9 de Saint-Girons.<\/p>\n\n\n\n<p>De septembre \u00e0 d\u00e9cembre, la vigne qui court le long des murs de la maison fournit un raisin blanc d\u00e9licieux. En attendant que les poirier, cerisier, figuier, kiwis, citronniers, prunier du jardin soient suffisamment grands pour produire de d\u00e9licieux fruits bio, nous nous approvisionnons au march\u00e9 de Saint Girons et \u00e0 la sup\u00e9rette \u00e0 Castillon. Nous r\u00e9coltons les mures directement dans le village pour les confitures et clafoutis !<\/p>\n\n\n\n<p>Les oeufs sont bio et achet\u00e9s \u00e0 la boutique paysanne \u00e0 Castillon. <\/p>\n\n\n\n<p>Toute la viande est achet\u00e9e au boucher de Castillon, qui propose une viande succulente sourc\u00e9e localement. Le saucisson et le p\u00e2t\u00e9 proviennent d&rsquo;une coop\u00e9rative agricole \u00e0 Lorp.<\/p>\n\n\n\n<p>Nos confitures bio proviennent de la Maison Jougla, confiturier Couserannais, qui gagne tous les ans des m\u00e9dailles au Salon de l&rsquo;Agriculture.<\/p>\n\n\n\n<p>Le miel, bio, est produit dans la vall\u00e9e \u00e0 Arrout.<\/p>\n\n\n\n<p>Nous nous effor\u00e7ons par ailleurs d&rsquo;utiliser un maximum de produits d&rsquo;\u00e9picerie bio : farine, beurre de cacahu\u00e8tes, noix, lait, caf\u00e9, th\u00e9, huile, etc.<\/p>\n<\/div>\n\n\n\n<div class=\"wp-block-column is-layout-flow wp-block-column-is-layout-flow\" style=\"flex-basis:25%\">\n<figure class=\"wp-block-image size-full\"><img loading=\"lazy\" decoding=\"async\" width=\"693\" height=\"507\" src=\"https:\/\/www.leschatougoulis.com\/wp-content\/uploads\/2023\/04\/fournil-de-lOie.png\" alt=\"\" class=\"wp-image-849\" srcset=\"https:\/\/www.leschatougoulis.com\/wp-content\/uploads\/2023\/04\/fournil-de-lOie.png 693w, https:\/\/www.leschatougoulis.com\/wp-content\/uploads\/2023\/04\/fournil-de-lOie-300x219.png 300w, https:\/\/www.leschatougoulis.com\/wp-content\/uploads\/2023\/04\/fournil-de-lOie-600x439.png 600w\" sizes=\"(max-width: 693px) 100vw, 693px\" \/><\/figure>\n\n\n\n<figure class=\"wp-block-image size-full\"><img loading=\"lazy\" decoding=\"async\" width=\"350\" height=\"336\" src=\"https:\/\/www.leschatougoulis.com\/wp-content\/uploads\/2023\/04\/bethmale-fromage.jpg\" alt=\"\" class=\"wp-image-850\" srcset=\"https:\/\/www.leschatougoulis.com\/wp-content\/uploads\/2023\/04\/bethmale-fromage.jpg 350w, https:\/\/www.leschatougoulis.com\/wp-content\/uploads\/2023\/04\/bethmale-fromage-300x288.jpg 300w\" sizes=\"(max-width: 350px) 100vw, 350px\" \/><\/figure>\n\n\n\n<figure class=\"wp-block-image size-large\"><img loading=\"lazy\" decoding=\"async\" width=\"768\" height=\"1024\" src=\"https:\/\/www.leschatougoulis.com\/wp-content\/uploads\/2023\/04\/jardin-de-pierre-768x1024.jpg\" alt=\"\" class=\"wp-image-852\" srcset=\"https:\/\/www.leschatougoulis.com\/wp-content\/uploads\/2023\/04\/jardin-de-pierre-768x1024.jpg 768w, https:\/\/www.leschatougoulis.com\/wp-content\/uploads\/2023\/04\/jardin-de-pierre-225x300.jpg 225w, https:\/\/www.leschatougoulis.com\/wp-content\/uploads\/2023\/04\/jardin-de-pierre-1152x1536.jpg 1152w, https:\/\/www.leschatougoulis.com\/wp-content\/uploads\/2023\/04\/jardin-de-pierre-600x800.jpg 600w, https:\/\/www.leschatougoulis.com\/wp-content\/uploads\/2023\/04\/jardin-de-pierre.jpg 1536w\" sizes=\"(max-width: 768px) 100vw, 768px\" \/><\/figure>\n\n\n\n<figure class=\"wp-block-image size-full\"><img loading=\"lazy\" decoding=\"async\" width=\"330\" height=\"440\" src=\"https:\/\/www.leschatougoulis.com\/wp-content\/uploads\/2023\/04\/boucherie.webp\" alt=\"\" class=\"wp-image-855\" srcset=\"https:\/\/www.leschatougoulis.com\/wp-content\/uploads\/2023\/04\/boucherie.webp 330w, https:\/\/www.leschatougoulis.com\/wp-content\/uploads\/2023\/04\/boucherie-225x300.webp 225w\" sizes=\"(max-width: 330px) 100vw, 330px\" \/><\/figure>\n\n\n\n<figure class=\"wp-block-image size-full\"><img loading=\"lazy\" decoding=\"async\" width=\"200\" height=\"122\" src=\"https:\/\/www.leschatougoulis.com\/wp-content\/uploads\/2023\/04\/salaisons.png\" alt=\"\" class=\"wp-image-858\"\/><\/figure>\n\n\n\n<figure class=\"wp-block-image size-full\"><img loading=\"lazy\" decoding=\"async\" width=\"259\" height=\"194\" src=\"https:\/\/www.leschatougoulis.com\/wp-content\/uploads\/2023\/04\/jougla.jpg\" alt=\"\" class=\"wp-image-856\"\/><\/figure>\n<\/div>\n<\/div>\n","protected":false},"excerpt":{"rendered":"<p>Nous nous effor\u00e7ons d&rsquo;utiliser des produits bio et\/ou locaux dans la mesure du possible, et du potager au fil des r\u00e9coltes. Nous nous faisons livrer du pain au levain bio issu de farines ari\u00e9geoises produit par un fournil dans le petit village d&rsquo;Irazein au fond de la vall\u00e9e. Certifi\u00e9 Nature &amp; Progr\u00e8s ! L&rsquo;approvisionnement est &hellip; <\/p>\n<p class=\"link-more\"><a href=\"https:\/\/www.leschatougoulis.com\/index.php\/nos-produits\/\" class=\"more-link\">Lire la suite de<span class=\"screen-reader-text\">\u00ab\u00a0Nos produits\u00a0\u00bb<\/span><\/a><\/p>\n","protected":false},"author":1,"featured_media":0,"parent":0,"menu_order":0,"comment_status":"closed","ping_status":"closed","template":"","meta":{"footnotes":""},"class_list":["post-845","page","type-page","status-publish","hentry"],"featured_media_urls":[],"_links":{"self":[{"href":"https:\/\/www.leschatougoulis.com\/index.php\/wp-json\/wp\/v2\/pages\/845","targetHints":{"allow":["GET"]}}],"collection":[{"href":"https:\/\/www.leschatougoulis.com\/index.php\/wp-json\/wp\/v2\/pages"}],"about":[{"href":"https:\/\/www.leschatougoulis.com\/index.php\/wp-json\/wp\/v2\/types\/page"}],"author":[{"embeddable":true,"href":"https:\/\/www.leschatougoulis.com\/index.php\/wp-json\/wp\/v2\/users\/1"}],"replies":[{"embeddable":true,"href":"https:\/\/www.leschatougoulis.com\/index.php\/wp-json\/wp\/v2\/comments?post=845"}],"version-history":[{"count":3,"href":"https:\/\/www.leschatougoulis.com\/index.php\/wp-json\/wp\/v2\/pages\/845\/revisions"}],"predecessor-version":[{"id":861,"href":"https:\/\/www.leschatougoulis.com\/index.php\/wp-json\/wp\/v2\/pages\/845\/revisions\/861"}],"wp:attachment":[{"href":"https:\/\/www.leschatougoulis.com\/index.php\/wp-json\/wp\/v2\/media?parent=845"}],"curies":[{"name":"wp","href":"https:\/\/api.w.org\/{rel}","templated":true}]}}